{"id":1820,"date":"2020-07-13T12:20:10","date_gmt":"2020-07-13T12:20:10","guid":{"rendered":"http:\/\/icaspa.akb36hfygl-ewl6nk0jw652.p.runcloud.link\/azienda\/"},"modified":"2022-07-12T17:00:51","modified_gmt":"2022-07-12T15:00:51","slug":"azienda","status":"publish","type":"page","link":"https:\/\/icausa.us\/es\/azienda\/","title":{"rendered":"Agencia"},"content":{"rendered":"\t<div class=\"reverse-holder\">\n\t\t\t\t\t<section class=\"reverse-section\">\n\t\t\t\t<div class=\"container\">\n\t\t\t\t\t\t\t\t\t\t\t<div class=\"reverse-image\">\n\t\t\t\t\t\t\t<div class=\"reverse-image-inner\" style=\"background-image: url(https:\/\/icausa.us\/wp-content\/uploads\/2021\/10\/Azienda-primo-blocco-scaled.jpeg);\"><\/div>\n\t\t\t\t\t\t<\/div>\n\t\t\t\t\t\t\t\t\t\t\t\t\t\t\t\t<div class=\"reverse-text\">\n\t\t\t\t\t\t\t\t\t\t\t\t\t\t\t<h2> M\u00e1quinas autom\u00e1ticas de envasado con coraz\u00f3n tecnol\u00f3gico<\/h2>\n\t\t\t\t\t\t\t\t\t\t\t\t\t\t<p>Dise\u00f1amos y fabricamos m\u00e1quinas autom\u00e1ticas para el envasado de alimentos, productos qu\u00edmicos, t\u00e9 y caf\u00e9. Cada m\u00e1quina es el resultado de un enfoque creativo con el que afrontamos cada problema. Un enfoque que a lo largo de los a\u00f1os madura hasta convertirse en una habilidad y pasi\u00f3n por los dise\u00f1os \u00fanicos que toma fuerza de la tecnolog\u00eda que utiliza. Nuestro futuro se centra en la fuerza de nuestras ideas innovadoras y el respeto por las personas con las que trabajamos.<\/p>\n<p>La originalidad e innovaci\u00f3n de nuestros sistemas de envasado est\u00e1 atestiguada por m\u00e1s de 200 patentes y el WIPO INVENTOR AWARD, otorgado a ICA como excelencia italiana, por la Organizaci\u00f3n Mundial de la Propiedad Intelectual, un organismo de las Naciones Unidas.<\/p>\n\t\t\t\t\t\t\t\t\t\t\t\t\t<\/div>\n\t\t\t\t\t\t\t\t\t<\/div>\n\t\t\t<\/section>\n\t\t\t\t\t<section class=\"reverse-section\">\n\t\t\t\t<div class=\"container\">\n\t\t\t\t\t\t\t\t\t\t\t<div class=\"reverse-image\">\n\t\t\t\t\t\t\t<div class=\"reverse-image-inner\" style=\"background-image: url(https:\/\/icausa.us\/wp-content\/uploads\/2021\/10\/Blocco-valori-scaled.jpeg);\"><\/div>\n\t\t\t\t\t\t<\/div>\n\t\t\t\t\t\t\t\t\t\t\t\t\t\t\t\t<div class=\"reverse-text\">\n\t\t\t\t\t\t\t\t\t\t\t\t\t\t\t<h2>PERSONAS Y VALORES: LAS RA\u00cdCES DE NUESTRA EMPRESA<\/h2>\n\t\t\t\t\t\t\t\t\t\t\t\t\t\t<p>Un esp\u00edritu de colaboraci\u00f3n junto con un sentido de pertenencia y transparencia. Estos son los principios en el n\u00facleo de nuestra empresa, esto nos ha puesto en un camino de r\u00e1pido crecimiento que ha visto a ICA convertirse en una empresa establecida internacionalmente.<\/p>\n<p>En el centro de nuestro mundo de valores est\u00e1n las personas, desde los empleados, hasta los colaboradores y clientes, con los que establecemos relaciones de confianza y respeto, porque nos mantenemos fieles a los valores fundacionales de nuestra realidad, los de una empresa familiar.<\/p>\n\t\t\t\t\t\t\t\t\t\t\t\t\t<\/div>\n\t\t\t\t\t\t\t\t\t<\/div>\n\t\t\t<\/section>\n\t\t\t\t\t<section class=\"reverse-section\">\n\t\t\t\t<div class=\"container\">\n\t\t\t\t\t\t\t\t\t\t\t<div class=\"reverse-image\">\n\t\t\t\t\t\t\t<div class=\"reverse-image-inner\" style=\"background-image: url(https:\/\/icausa.us\/wp-content\/uploads\/2022\/07\/storia-scaled-1.jpg);\"><\/div>\n\t\t\t\t\t\t<\/div>\n\t\t\t\t\t\t\t\t\t\t\t\t\t\t\t\t<div class=\"reverse-text\">\n\t\t\t\t\t\t\t\t\t\t\t\t\t\t\t<h2>NUESTRA HISTORIA<\/h2>\n\t\t\t\t\t\t\t\t\t\t\t\t\t\t<p>Si nuestra larga historia cuenta qui\u00e9nes somos hoy, la visi\u00f3n de belleza, innovaci\u00f3n y sostenibilidad anticipa nuestra visi\u00f3n de futuro. ICA naci\u00f3 en 1963 debido a la determinaci\u00f3n de Gino Rapparini, quien crey\u00f3 en su proyecto \u00fanico: construir m\u00e1quinas autom\u00e1ticas con un enfoque innovador, sin temor a divergir de las convenciones de la \u00e9poca y dar forma al futuro de nuestra empresa.<\/p>\n<p>Los retos, la dedicaci\u00f3n, la pasi\u00f3n y el trabajo en equipo siempre han caracterizado nuestro d\u00eda a d\u00eda y son las ra\u00edces de una empresa que mira al futuro con la misma determinaci\u00f3n que hace 60 a\u00f1os.<\/p>\n\t\t\t\t\t\t\t\t\t\t\t\t\t<\/div>\n\t\t\t\t\t\t\t\t\t<\/div>\n\t\t\t<\/section>\n\t\t\t<\/div>\n\n\n\t<div class=\"step-section\">\n\t\t<div class=\"container\">\n\t\t\t<ul class=\"step-list\">\n\t\t\t\t\t\t\t\t\t<li>\n\t\t\t\t\t\t\t\t\t\t\t\t\t<div class=\"step-image\">\n\t\t\t\t\t\t\t\t<img decoding=\"async\" src=\"https:\/\/icausa.us\/wp-content\/uploads\/2022\/07\/foto-storia-1963.jpeg\" alt=\"image description\">\n\t\t\t\t\t\t\t<\/div>\n\t\t\t\t\t\t\t\t\t\t\t\t\t\t\t\t\t\t\t<div class=\"step-text\">\n\t\t\t\t\t\t\t\t\t\t\t\t\t\t\t\t\t<h3>1963<\/h3>\n\t\t\t\t\t\t\t\t\t\t\t\t\t\t\t\t<p>El 23 de diciembre, Gino Rapparini establece en Bolonia la empresa ICA (Industria Costruzioni Automatiche) con la idea de producir m\u00e1quinas autom\u00e1ticas para el embalaje, utilizando materiales flexibles.<\/p>\n\t\t\t\t\t\t\t<\/div>\n\t\t\t\t\t\t\t\t\t\t\t<\/li>\n\t\t\t\t\t\t\t\t\t<li>\n\t\t\t\t\t\t\t\t\t\t\t\t\t<div class=\"step-image\">\n\t\t\t\t\t\t\t\t<img decoding=\"async\" src=\"https:\/\/icausa.us\/wp-content\/uploads\/2022\/06\/n2-1964-338x400.jpg\" alt=\"image description\">\n\t\t\t\t\t\t\t<\/div>\n\t\t\t\t\t\t\t\t\t\t\t\t\t\t\t\t\t\t\t<div class=\"step-text\">\n\t\t\t\t\t\t\t\t\t\t\t\t\t\t\t\t\t<h3>1964<\/h3>\n\t\t\t\t\t\t\t\t\t\t\t\t\t\t\t\t<p>CSV10 envasadora vertical autom\u00e1tica desde envase preformado.<\/p>\n\t\t\t\t\t\t\t<\/div>\n\t\t\t\t\t\t\t\t\t\t\t<\/li>\n\t\t\t\t\t\t\t\t\t<li>\n\t\t\t\t\t\t\t\t\t\t\t\t\t<div class=\"step-image\">\n\t\t\t\t\t\t\t\t<img decoding=\"async\" src=\"https:\/\/icausa.us\/wp-content\/uploads\/2022\/06\/n3-anni70-338x400.png\" alt=\"image description\">\n\t\t\t\t\t\t\t<\/div>\n\t\t\t\t\t\t\t\t\t\t\t\t\t\t\t\t\t\t\t<div class=\"step-text\">\n\t\t\t\t\t\t\t\t\t\t\t\t\t\t\t\t\t<h3>\u201870<\/h3>\n\t\t\t\t\t\t\t\t\t\t\t\t\t\t\t\t<p>RS20 al comienzo el proceso de embalaje utilizaba un envase preformado que en los a\u00f1os evoluciona en la formaci\u00f3n del envase desde bobina: nacen as\u00ed los dos modelos AROMAPACK para productos fr\u00e1giles y VACUUMPACK para el envasado al vac\u00edo.<\/p>\n\t\t\t\t\t\t\t<\/div>\n\t\t\t\t\t\t\t\t\t\t\t<\/li>\n\t\t\t\t\t\t\t\t\t<li>\n\t\t\t\t\t\t\t\t\t\t\t\t\t<div class=\"step-image\">\n\t\t\t\t\t\t\t\t<img decoding=\"async\" src=\"https:\/\/icausa.us\/wp-content\/uploads\/2022\/06\/n-4-_anni-80.jpg\" alt=\"image description\">\n\t\t\t\t\t\t\t<\/div>\n\t\t\t\t\t\t\t\t\t\t\t\t\t\t\t\t\t\t\t<div class=\"step-text\">\n\t\t\t\t\t\t\t\t\t\t\t\t\t\t\t\t\t<h3>1980<\/h3>\n\t\t\t\t\t\t\t\t\t\t\t\t\t\t\t\t<p>Traslado a la nueva planta en via del Litografo 7.<\/p>\n\t\t\t\t\t\t\t<\/div>\n\t\t\t\t\t\t\t\t\t\t\t<\/li>\n\t\t\t\t\t\t\t\t\t<li>\n\t\t\t\t\t\t\t\t\t\t\t\t\t<div class=\"step-image\">\n\t\t\t\t\t\t\t\t<img decoding=\"async\" src=\"https:\/\/icausa.us\/wp-content\/uploads\/2022\/06\/n5-1983HF100.png\" alt=\"image description\">\n\t\t\t\t\t\t\t<\/div>\n\t\t\t\t\t\t\t\t\t\t\t\t\t\t\t\t\t\t\t<div class=\"step-text\">\n\t\t\t\t\t\t\t\t\t\t\t\t\t\t\t\t\t<h3>1983<\/h3>\n\t\t\t\t\t\t\t\t\t\t\t\t\t\t\t\t<p>La revolucionaria HF100: m\u00e1quina de mandriles para el envasado en papel de alta producci\u00f3n y especializada en az\u00facar, harina y arroz.<\/p>\n\t\t\t\t\t\t\t<\/div>\n\t\t\t\t\t\t\t\t\t\t\t<\/li>\n\t\t\t\t\t\t\t\t\t<li>\n\t\t\t\t\t\t\t\t\t\t\t\t\t<div class=\"step-image\">\n\t\t\t\t\t\t\t\t<img decoding=\"async\" src=\"https:\/\/icausa.us\/wp-content\/uploads\/2022\/06\/n6-1988-338x400.jpg\" alt=\"image description\">\n\t\t\t\t\t\t\t<\/div>\n\t\t\t\t\t\t\t\t\t\t\t\t\t\t\t\t\t\t\t<div class=\"step-text\">\n\t\t\t\t\t\t\t\t\t\t\t\t\t\t\t\t\t<h3>1988<\/h3>\n\t\t\t\t\t\t\t\t\t\t\t\t\t\t\t\t<p>Hivac 90 m\u00e1quina autom\u00e1tica para la producci\u00f3n de envases al vac\u00edo de alta velocidad.<\/p>\n\t\t\t\t\t\t\t<\/div>\n\t\t\t\t\t\t\t\t\t\t\t<\/li>\n\t\t\t\t\t\t\t\t\t<li>\n\t\t\t\t\t\t\t\t\t\t\t\t\t<div class=\"step-image\">\n\t\t\t\t\t\t\t\t<img decoding=\"async\" src=\"https:\/\/icausa.us\/wp-content\/uploads\/2022\/06\/n7-1997.jpg\" alt=\"image description\">\n\t\t\t\t\t\t\t<\/div>\n\t\t\t\t\t\t\t\t\t\t\t\t\t\t\t\t\t\t\t<div class=\"step-text\">\n\t\t\t\t\t\t\t\t\t\t\t\t\t\t\t\t\t<h3>1997<\/h3>\n\t\t\t\t\t\t\t\t\t\t\t\t\t\t\t\t<p>CSV40 series. m\u00e1quina autom\u00e1tica sumamente flexible por lo que respecta al acabado del envase.<\/p>\n\t\t\t\t\t\t\t<\/div>\n\t\t\t\t\t\t\t\t\t\t\t<\/li>\n\t\t\t\t\t\t\t\t\t<li>\n\t\t\t\t\t\t\t\t\t\t\t\t\t<div class=\"step-image\">\n\t\t\t\t\t\t\t\t<img decoding=\"async\" src=\"https:\/\/icausa.us\/wp-content\/uploads\/2022\/06\/n8-2003-cialda-338x400.jpg\" alt=\"image description\">\n\t\t\t\t\t\t\t<\/div>\n\t\t\t\t\t\t\t\t\t\t\t\t\t\t\t\t\t\t\t<div class=\"step-text\">\n\t\t\t\t\t\t\t\t\t\t\t\t\t\t\t\t\t<h3>2003<\/h3>\n\t\t\t\t\t\t\t\t\t\t\t\t\t\t\t\t<p>ICA entra en el mercado de las monod\u00f3sis de caf\u00e9\/t\u00e9 con la nueva M\u00e1quina de tambor PRONTOCOFFEE PC200.<\/p>\n\t\t\t\t\t\t\t<\/div>\n\t\t\t\t\t\t\t\t\t\t\t<\/li>\n\t\t\t\t\t\t\t\t\t<li>\n\t\t\t\t\t\t\t\t\t\t\t\t\t<div class=\"step-image\">\n\t\t\t\t\t\t\t\t<img decoding=\"async\" src=\"https:\/\/icausa.us\/wp-content\/uploads\/2022\/06\/n9cialde-prontowash-BIG.jpg\" alt=\"image description\">\n\t\t\t\t\t\t\t<\/div>\n\t\t\t\t\t\t\t\t\t\t\t\t\t\t\t\t\t\t\t<div class=\"step-text\">\n\t\t\t\t\t\t\t\t\t\t\t\t\t\t\t\t\t<h3>2008<\/h3>\n\t\t\t\t\t\t\t\t\t\t\t\t\t\t\t\t<p>Las Monod\u00f3sis: AROMACUP m\u00e1quina para c\u00e1psulas de caf\u00e9 y PRONTOWASH m\u00e1quina para pastillas monod\u00f3sis hidrosolubles de detergente. Dos l\u00edneas nuevas para la producci\u00f3n de monod\u00f3sis.<\/p>\n\t\t\t\t\t\t\t<\/div>\n\t\t\t\t\t\t\t\t\t\t\t<\/li>\n\t\t\t\t\t\t\t\t\t<li>\n\t\t\t\t\t\t\t\t\t\t\t\t\t<div class=\"step-image\">\n\t\t\t\t\t\t\t\t<img decoding=\"async\" src=\"https:\/\/icausa.us\/wp-content\/uploads\/2022\/06\/capsula-compostabile-1.png\" alt=\"image description\">\n\t\t\t\t\t\t\t<\/div>\n\t\t\t\t\t\t\t\t\t\t\t\t\t\t\t\t\t\t\t<div class=\"step-text\">\n\t\t\t\t\t\t\t\t\t\t\t\t\t\t\t\t\t<h3>2016<\/h3>\n\t\t\t\t\t\t\t\t\t\t\t\t\t\t\t\t<p>Producci\u00f3n de monodosis de caf\u00e9 con c\u00e1psulas compostables.<\/p>\n\t\t\t\t\t\t\t<\/div>\n\t\t\t\t\t\t\t\t\t\t\t<\/li>\n\t\t\t\t\t\t\t\t\t<li>\n\t\t\t\t\t\t\t\t\t\t\t\t\t<div class=\"step-image\">\n\t\t\t\t\t\t\t\t<img decoding=\"async\" src=\"https:\/\/icausa.us\/wp-content\/uploads\/2021\/12\/RCL1_00_trasparente-400x400.png\" alt=\"image description\">\n\t\t\t\t\t\t\t<\/div>\n\t\t\t\t\t\t\t\t\t\t\t\t\t\t\t\t\t\t\t<div class=\"step-text\">\n\t\t\t\t\t\t\t\t\t\t\t\t\t\t\t\t\t<h3>2019<\/h3>\n\t\t\t\t\t\t\t\t\t\t\t\t\t\t\t\t<p>RCL1 m\u00e1quina compacta en l\u00ednea para peque\u00f1as producciones de c\u00e1psulas monodosis de caf\u00e9, t\u00e9 y bebidas instant\u00e1neas, con cambio de formato r\u00e1pido y asistido.<\/p>\n\t\t\t\t\t\t\t<\/div>\n\t\t\t\t\t\t\t\t\t\t\t<\/li>\n\t\t\t\t\t\t\t\t\t<li>\n\t\t\t\t\t\t\t\t\t\t\t\t\t<div class=\"step-image\">\n\t\t\t\t\t\t\t\t<img decoding=\"async\" src=\"https:\/\/icausa.us\/wp-content\/uploads\/2022\/07\/storia-scaled-1-400x400.jpg\" alt=\"image description\">\n\t\t\t\t\t\t\t<\/div>\n\t\t\t\t\t\t\t\t\t\t\t\t\t\t\t\t\t\t\t<div class=\"step-text\">\n\t\t\t\t\t\t\t\t\t\t\t\t\t\t\t\t\t<h3>2020<\/h3>\n\t\t\t\t\t\t\t\t\t\t\t\t\t\t\t\t<p>Sustentabilidad. Se instalan equipos fotovoltaicos en las nuevas plantas de producci\u00f3n para un menor impacto ambiental.<\/p>\n\t\t\t\t\t\t\t<\/div>\n\t\t\t\t\t\t\t\t\t\t\t<\/li>\n\t\t\t\t\t\t\t<\/ul>\n\t\t<\/div>\n\t<\/div>\n\n\n\t<div class=\"content-section\" style=\"background-image: url(https:\/\/icausa.us\/wp-content\/uploads\/2020\/07\/img-bg01.jpg);\">\n\t\t<div class=\"container\">\n\t\t\t\t\t\t\t<h1>Cada desaf\u00edo es una nueva oportunidad.<\/h1>\n\t\t\t\t\t\t\t\t\t\t<a href=\"https:\/\/www.icausa.us\/es\/contatti\/\"  class=\"btn\">Cont\u00e1ctanos<\/a>\n\t\t\t\t\t<\/div>\n\t<\/div>\n","protected":false},"excerpt":{"rendered":"","protected":false},"author":2,"featured_media":0,"parent":0,"menu_order":0,"comment_status":"closed","ping_status":"closed","template":"","meta":{"_acf_changed":false,"footnotes":""},"class_list":["post-1820","page","type-page","status-publish","hentry"],"acf":[],"_links":{"self":[{"href":"https:\/\/icausa.us\/es\/wp-json\/wp\/v2\/pages\/1820","targetHints":{"allow":["GET"]}}],"collection":[{"href":"https:\/\/icausa.us\/es\/wp-json\/wp\/v2\/pages"}],"about":[{"href":"https:\/\/icausa.us\/es\/wp-json\/wp\/v2\/types\/page"}],"author":[{"embeddable":true,"href":"https:\/\/icausa.us\/es\/wp-json\/wp\/v2\/users\/2"}],"replies":[{"embeddable":true,"href":"https:\/\/icausa.us\/es\/wp-json\/wp\/v2\/comments?post=1820"}],"version-history":[{"count":21,"href":"https:\/\/icausa.us\/es\/wp-json\/wp\/v2\/pages\/1820\/revisions"}],"predecessor-version":[{"id":3396,"href":"https:\/\/icausa.us\/es\/wp-json\/wp\/v2\/pages\/1820\/revisions\/3396"}],"wp:attachment":[{"href":"https:\/\/icausa.us\/es\/wp-json\/wp\/v2\/media?parent=1820"}],"curies":[{"name":"wp","href":"https:\/\/api.w.org\/{rel}","templated":true}]}}