{"id":1847,"date":"2020-07-20T13:47:48","date_gmt":"2020-07-20T13:47:48","guid":{"rendered":"http:\/\/icaspa.akb36hfygl-ewl6nk0jw652.p.runcloud.link\/ricambi\/"},"modified":"2022-06-14T17:23:11","modified_gmt":"2022-06-14T15:23:11","slug":"ricambi","status":"publish","type":"page","link":"https:\/\/icausa.us\/es\/ricambi\/","title":{"rendered":"Repuestos"},"content":{"rendered":"\t<div class=\"reverse-holder\">\n\t\t\t\t\t<section class=\"reverse-section\">\n\t\t\t\t<div class=\"container\">\n\t\t\t\t\t\t\t\t\t\t\t<div class=\"reverse-image\">\n\t\t\t\t\t\t\t<div class=\"reverse-image-inner\" style=\"background-image: url(https:\/\/icausa.us\/wp-content\/uploads\/2021\/10\/Ricambi-primo-blocco-1-scaled.jpeg);\"><\/div>\n\t\t\t\t\t\t<\/div>\n\t\t\t\t\t\t\t\t\t\t\t\t\t\t\t\t<div class=\"reverse-text\">\n\t\t\t\t\t\t\t\t\t\t\t\t\t\t\t<h2>La confiabilidad de los repuestos originales<\/h2>\n\t\t\t\t\t\t\t\t\t\t\t\t\t\t<p>Las piezas de repuesto originales garantizan el ciclo de vida de las m\u00e1quinas, ya que est\u00e1n dise\u00f1adas por quienes construyeron la m\u00e1quina de acuerdo con las necesidades del cliente.<\/p>\n\t\t\t\t\t\t\t\t\t\t\t\t\t<\/div>\n\t\t\t\t\t\t\t\t\t<\/div>\n\t\t\t<\/section>\n\t\t\t\t\t<section class=\"reverse-section\">\n\t\t\t\t<div class=\"container\">\n\t\t\t\t\t\t\t\t\t\t\t<div class=\"reverse-image\">\n\t\t\t\t\t\t\t<div class=\"reverse-image-inner\" style=\"background-image: url(https:\/\/icausa.us\/wp-content\/uploads\/2021\/10\/Ricambi-secondo-blocco-scaled.jpeg);\"><\/div>\n\t\t\t\t\t\t<\/div>\n\t\t\t\t\t\t\t\t\t\t\t\t\t\t\t\t<div class=\"reverse-text\">\n\t\t\t\t\t\t\t\t\t\t\t\t\t\t\t<h2>Todos los recambios originales de nuestro cat\u00e1logo<\/h2>\n\t\t\t\t\t\t\t\t\t\t\t\t\t\t<p>Inicie sesi\u00f3n en el \u00e1rea restringida y consulte el cat\u00e1logo de piezas de repuesto en l\u00ednea para su m\u00e1quina de envasado autom\u00e1tico.<\/p>\n\t\t\t\t\t\t\t\t\t\t\t\t\t\t\t<a href=\" https:\/\/sparepart.icaspa.it\/\"  class=\"btn\">Inicie sesi\u00f3n en el \u00e1rea restringida<\/a>\n\t\t\t\t\t\t\t\t\t\t\t\t\t<\/div>\n\t\t\t\t\t\t\t\t\t<\/div>\n\t\t\t<\/section>\n\t\t\t<\/div>\n\n\n\t<div class=\"content-section\" style=\"background-image: url(https:\/\/icausa.us\/wp-content\/uploads\/2020\/07\/img-bg01.jpg);\">\n\t\t<div class=\"container\">\n\t\t\t\t\t\t\t<h1>\u00bfNecesitas informaci\u00f3n?<\/h1>\n\t\t\t\t\t\t\t\t\t\t<a href=\"https:\/\/icausa.us\/es\/contatti\/\"  class=\"btn\">P\u00f3ngase en contacto con el servicio de atenci\u00f3n al cliente<\/a>\n\t\t\t\t\t<\/div>\n\t<\/div>\n","protected":false},"excerpt":{"rendered":"","protected":false},"author":2,"featured_media":0,"parent":0,"menu_order":0,"comment_status":"closed","ping_status":"closed","template":"","meta":{"_acf_changed":false,"footnotes":""},"class_list":["post-1847","page","type-page","status-publish","hentry"],"acf":[],"_links":{"self":[{"href":"https:\/\/icausa.us\/es\/wp-json\/wp\/v2\/pages\/1847","targetHints":{"allow":["GET"]}}],"collection":[{"href":"https:\/\/icausa.us\/es\/wp-json\/wp\/v2\/pages"}],"about":[{"href":"https:\/\/icausa.us\/es\/wp-json\/wp\/v2\/types\/page"}],"author":[{"embeddable":true,"href":"https:\/\/icausa.us\/es\/wp-json\/wp\/v2\/users\/2"}],"replies":[{"embeddable":true,"href":"https:\/\/icausa.us\/es\/wp-json\/wp\/v2\/comments?post=1847"}],"version-history":[{"count":9,"href":"https:\/\/icausa.us\/es\/wp-json\/wp\/v2\/pages\/1847\/revisions"}],"predecessor-version":[{"id":3248,"href":"https:\/\/icausa.us\/es\/wp-json\/wp\/v2\/pages\/1847\/revisions\/3248"}],"wp:attachment":[{"href":"https:\/\/icausa.us\/es\/wp-json\/wp\/v2\/media?parent=1847"}],"curies":[{"name":"wp","href":"https:\/\/api.w.org\/{rel}","templated":true}]}}