{"id":1871,"date":"2020-07-21T13:03:37","date_gmt":"2020-07-21T11:03:37","guid":{"rendered":"http:\/\/icaspa.akb36hfygl-ewl6nk0jw652.p.runcloud.link\/assistenza-clienti\/"},"modified":"2022-02-03T16:07:58","modified_gmt":"2022-02-03T14:07:58","slug":"assistenza-clienti","status":"publish","type":"page","link":"https:\/\/icausa.us\/es\/assistenza-clienti\/","title":{"rendered":"Atenci\u00f3n al cliente"},"content":{"rendered":"\t<div class=\"holder-block\">\n\t\t<div class=\"container\">\n\t\t\t\t\t\t\t<aside class=\"sidebar-main\">\n\t\t\t\t\t\t\t\t\t\t\t<h2 class=\"content-desktop\">Atenci\u00f3n al cliente<\/h2>\n\t\t\t\t\t\t\t\t\t\t \n\t\t\t\t\t\t<div class=\"text-decor\">\n\t\t\t\t\t\t\t<p>Horarios y contactos <br>Dal luned\u00ec al venerd\u00ec dalle 8.00 alle 17.30 escluse festivit\u00e0<\/p>\n\t\t\t\t\t\t<\/div>\n\t\t\t\t\t\t\t\t\t\t\t\t\t\t\t\t<ul class=\"contact-list\">\n\t\t\t\t\t\t\t\t\t\t\t\t\t\t\t<li><strong>Tel.<\/strong><a href=\"tel:390516017922\">+ 39 051 6017 922<\/a><\/li>\n\t\t\t\t\t\t\t\t\t\t\t\t\t\t\t\t\t\t\t\t\t\t<li><strong>Fax<\/strong><a href=\"tel:390516017841\">+ 39 051 6017 841<\/a><\/li>\n\t\t\t\t\t\t\t\t\t\t\t\t\t\t\t\t\t\t\t\t\t\t<li><strong>Mail<\/strong><a href=\"mailto:&#97;f&#116;&#64;i&#99;asp&#97;.&#105;t\">&#97;&#102;&#116;&#64;icaspa&#46;i&#116;<\/a><\/li>\n\t\t\t\t\t\t\t\t\t\t\t\t\t<\/ul>\n\t\t\t\t\t\t\t\t\t<\/aside>\n\t\t\t\t\t\t\t\t\t\t<div class=\"content-main bg-gray\">\n\t\t\t\t\t\t\t\t\t\t\t<div class=\"text-holder\">\n\t\t\t\t\t\t\t<p>Complete el siguiente formulario y env\u00ede su solicitud a ICA. Nuestro equipo de atenci\u00f3n al cliente totalmente capacitado se encargar\u00e1 de su solicitud y lo ayudar\u00e1 a resolver cualquier problema de la m\u00e1quina.<\/p>\n<p><strong>Asistencia remota a trav\u00e9s de internet:<\/strong><br \/>\nUn servicio de soporte t\u00e9cnico remoto se encargar\u00e1 de su solicitud. Este tipo de soporte requiere que la m\u00e1quina est\u00e9 conectada a Internet o VPN.<\/p>\n<p><strong>Soporte in situ:<\/strong><br \/>\nNuestros t\u00e9cnicos visitar\u00e1n a su equipo en sus instalaciones propias.<\/p>\n\t\t\t\t\t\t<\/div>\n\t\t\t\t\t\t\t\t\t\t\n<div class=\"wpcf7 no-js\" id=\"wpcf7-f2106-o1\" lang=\"es-ES\" dir=\"ltr\" data-wpcf7-id=\"2106\">\n<div class=\"screen-reader-response\"><p role=\"status\" aria-live=\"polite\" aria-atomic=\"true\"><\/p> <ul><\/ul><\/div>\n<form action=\"\/es\/wp-json\/wp\/v2\/pages\/1871#wpcf7-f2106-o1\" method=\"post\" class=\"wpcf7-form init\" aria-label=\"Formulario de contacto\" novalidate=\"novalidate\" data-status=\"init\">\n<fieldset class=\"hidden-fields-container\"><input type=\"hidden\" name=\"_wpcf7\" value=\"2106\" \/><input type=\"hidden\" name=\"_wpcf7_version\" value=\"6.1.1\" \/><input type=\"hidden\" name=\"_wpcf7_locale\" value=\"es_ES\" \/><input type=\"hidden\" name=\"_wpcf7_unit_tag\" value=\"wpcf7-f2106-o1\" \/><input type=\"hidden\" name=\"_wpcf7_container_post\" value=\"0\" \/><input type=\"hidden\" name=\"_wpcf7_posted_data_hash\" value=\"\" \/><input type=\"hidden\" name=\"_wpcf7_recaptcha_response\" value=\"\" \/>\n<\/fieldset>\n<div class=\"form-group\">\n\t<span class=\"wpcf7-form-control-wrap\" data-name=\"firstname\"><input size=\"40\" maxlength=\"400\" class=\"wpcf7-form-control wpcf7-text wpcf7-validates-as-required\" aria-required=\"true\" aria-invalid=\"false\" placeholder=\"Nome\" value=\"\" type=\"text\" name=\"firstname\" \/><\/span>\n\t<span class=\"wpcf7-form-control-wrap\" data-name=\"lastname\"><input size=\"40\" maxlength=\"400\" class=\"wpcf7-form-control wpcf7-text wpcf7-validates-as-required\" aria-required=\"true\" aria-invalid=\"false\" placeholder=\"Cognome\" value=\"\" type=\"text\" name=\"lastname\" \/><\/span>\n<\/div>\n<span class=\"wpcf7-form-control-wrap\" data-name=\"city\"><input size=\"40\" maxlength=\"400\" class=\"wpcf7-form-control wpcf7-text wpcf7-validates-as-required\" aria-required=\"true\" aria-invalid=\"false\" placeholder=\"Citt\u00e0\" value=\"\" type=\"text\" name=\"city\" \/><\/span>\n<span class=\"wpcf7-form-control-wrap\" data-name=\"company\"><input size=\"40\" maxlength=\"400\" class=\"wpcf7-form-control wpcf7-text\" aria-invalid=\"false\" placeholder=\"Nome Azienda\" value=\"\" type=\"text\" name=\"company\" \/><\/span>\n<div class=\"form-group\">\n\t<span class=\"wpcf7-form-control-wrap\" data-name=\"phone\"><input size=\"40\" maxlength=\"400\" class=\"wpcf7-form-control wpcf7-tel wpcf7-validates-as-required wpcf7-text wpcf7-validates-as-tel\" aria-required=\"true\" aria-invalid=\"false\" placeholder=\"Telefono\" value=\"\" type=\"tel\" name=\"phone\" \/><\/span>\n\t<span class=\"wpcf7-form-control-wrap\" data-name=\"your-email\"><input size=\"40\" maxlength=\"400\" class=\"wpcf7-form-control wpcf7-email wpcf7-validates-as-required wpcf7-text wpcf7-validates-as-email\" aria-required=\"true\" aria-invalid=\"false\" placeholder=\"Mail\" value=\"\" type=\"email\" name=\"your-email\" \/><\/span>\n<\/div>\n<span class=\"wpcf7-form-control-wrap\" data-name=\"serial-number\"><input size=\"40\" maxlength=\"400\" class=\"wpcf7-form-control wpcf7-text wpcf7-validates-as-required\" aria-required=\"true\" aria-invalid=\"false\" placeholder=\"Codice Linea \/ Matricola Macchina\" value=\"\" type=\"text\" name=\"serial-number\" \/><\/span>\n<div class=\"select-holder\">\n\t<span class=\"wpcf7-form-control-wrap\" data-name=\"type\"><select class=\"wpcf7-form-control wpcf7-select wpcf7-validates-as-required\" aria-required=\"true\" aria-invalid=\"false\" name=\"type\"><option value=\"\">Tipo di richiesta<\/option><option value=\"Assistenza\">Assistenza<\/option><option value=\"Documentazione tecnica\">Documentazione tecnica<\/option><option value=\"Parti di ricambio\">Parti di ricambio<\/option><option value=\"Richiesta collaudo\">Richiesta collaudo<\/option><option value=\"Manutenzione\">Manutenzione<\/option><option value=\"Altro\">Altro<\/option><\/select><\/span>\n<\/div>\n<span class=\"wpcf7-form-control-wrap\" data-name=\"message\"><textarea cols=\"40\" rows=\"10\" maxlength=\"2000\" class=\"wpcf7-form-control wpcf7-textarea\" aria-invalid=\"false\" placeholder=\"Messaggio\" name=\"message\"><\/textarea><\/span>\n<div class=\"check-holder\">\n\t<input data-required=\"true\" class=\"accept\" type=\"checkbox\" checked=\"checked\" id=\"checkbox-1\">\n\t<label for=\"checkbox-1\">Privacy Policy. Ai sensi del D. Lgs 196\/03<\/label>\n<\/div>\n<button type=\"submit\">Invia richiesta<\/button><div class=\"wpcf7-response-output\" aria-hidden=\"true\"><\/div>\n<\/form>\n<\/div>\n\t\t\t\t<\/div>\n\t\t\t\t\t<\/div>\n\t<\/div>\n\n\n\t<div class=\"content-section\" style=\"background-image: url(https:\/\/icausa.us\/wp-content\/uploads\/2020\/07\/img-bg02.jpg);\">\n\t\t<div class=\"container\">\n\t\t\t\t\t\t\t<h1>DESDE HACE 50 A\u00d1OS SOMOS SIN\u00d3NIMO DE CALIDAD<\/h1>\n\t\t\t\t\t\t\t\t\t\t<a href=\"https:\/\/icausa.us\/es\/azienda\/\"  class=\"btn\">M\u00e1s informaci\u00f3n<\/a>\n\t\t\t\t\t<\/div>\n\t<\/div>\n","protected":false},"excerpt":{"rendered":"","protected":false},"author":2,"featured_media":0,"parent":0,"menu_order":0,"comment_status":"closed","ping_status":"closed","template":"","meta":{"_acf_changed":false,"footnotes":""},"class_list":["post-1871","page","type-page","status-publish","hentry"],"acf":[],"_links":{"self":[{"href":"https:\/\/icausa.us\/es\/wp-json\/wp\/v2\/pages\/1871","targetHints":{"allow":["GET"]}}],"collection":[{"href":"https:\/\/icausa.us\/es\/wp-json\/wp\/v2\/pages"}],"about":[{"href":"https:\/\/icausa.us\/es\/wp-json\/wp\/v2\/types\/page"}],"author":[{"embeddable":true,"href":"https:\/\/icausa.us\/es\/wp-json\/wp\/v2\/users\/2"}],"replies":[{"embeddable":true,"href":"https:\/\/icausa.us\/es\/wp-json\/wp\/v2\/comments?post=1871"}],"version-history":[{"count":10,"href":"https:\/\/icausa.us\/es\/wp-json\/wp\/v2\/pages\/1871\/revisions"}],"predecessor-version":[{"id":3072,"href":"https:\/\/icausa.us\/es\/wp-json\/wp\/v2\/pages\/1871\/revisions\/3072"}],"wp:attachment":[{"href":"https:\/\/icausa.us\/es\/wp-json\/wp\/v2\/media?parent=1871"}],"curies":[{"name":"wp","href":"https:\/\/api.w.org\/{rel}","templated":true}]}}