{"id":1891,"date":"2020-07-13T12:21:07","date_gmt":"2020-07-13T12:21:07","guid":{"rendered":"http:\/\/icaspa.akb36hfygl-ewl6nk0jw652.p.runcloud.link\/innovazione\/"},"modified":"2022-06-16T12:55:40","modified_gmt":"2022-06-16T10:55:40","slug":"innovazione","status":"publish","type":"page","link":"https:\/\/icausa.us\/es\/innovazione\/","title":{"rendered":"Innovaci\u00f3n"},"content":{"rendered":"\t<div class=\"info-section\">\n\t\t<div class=\"container\">\n\t\t\t<div class=\"info-columns\">\n\t\t\t\t\t\t\t\t\t<div class=\"column\">\n\t\t\t\t\t\t\t\t\t\t\t\t\t<div class=\"image-holder\">\n\t\t\t\t\t\t\t\t<picture>\n\t\t\t\t\t\t\t\t\t<source srcset=\"https:\/\/icausa.us\/wp-content\/uploads\/2020\/07\/logo07.png\" media=\"(max-width: 480px)\">\n\t\t\t\t\t\t\t\t\t<source srcset=\"https:\/\/icausa.us\/wp-content\/uploads\/2020\/07\/logo07.png\">\n\t\t\t\t\t\t\t\t\t<img decoding=\"async\" src=\"https:\/\/icausa.us\/wp-content\/uploads\/2020\/07\/logo07.png\" alt=\"image description\">\n\t\t\t\t\t\t\t\t<\/picture>\n\t\t\t\t\t\t\t<\/div>\n\t\t\t\t\t\t\t\t\t\t\t\t\t\t\t\t\t\t\t<h2>Patentes<\/h2>\n\t\t\t\t\t\t\t\t\t\t\t\t\t\t\t\t\t\t\t<span class=\"subtitle\">M\u00e1s de 200 depositados<\/span>\n\t\t\t\t\t\t\t\t\t\t\t\t\t\t\t\t\t\t\t<span class=\"time\">Innovaci\u00f3n desde 1963<\/span>\n\t\t\t\t\t\t\t\t\t\t\t\t<p>Innovaci\u00f3n y tecnolog\u00eda, protegida por m\u00e1s de 200 patentes registradas. Propuestas innovadoras a nivel funcional y tecnol\u00f3gico desarrolladas a trav\u00e9s de una intensa investigaci\u00f3n y experimentaci\u00f3n por parte de nuestro equipo de t\u00e9cnicos especializados que desarrollan ideas y las aplican a la mec\u00e1nica.<\/p>\n\t\t\t\t\t\t\t\t\t\t\t<\/div>\n\t\t\t\t\t\t\t\t\t<div class=\"column\">\n\t\t\t\t\t\t\t\t\t\t\t\t\t<div class=\"image-holder\">\n\t\t\t\t\t\t\t\t<picture>\n\t\t\t\t\t\t\t\t\t<source srcset=\"https:\/\/icausa.us\/wp-content\/uploads\/2020\/07\/logo08.png\" media=\"(max-width: 480px)\">\n\t\t\t\t\t\t\t\t\t<source srcset=\"https:\/\/icausa.us\/wp-content\/uploads\/2020\/07\/logo08.png\">\n\t\t\t\t\t\t\t\t\t<img decoding=\"async\" src=\"https:\/\/icausa.us\/wp-content\/uploads\/2020\/07\/logo08.png\" alt=\"image description\">\n\t\t\t\t\t\t\t\t<\/picture>\n\t\t\t\t\t\t\t<\/div>\n\t\t\t\t\t\t\t\t\t\t\t\t\t\t\t\t\t\t\t<h2>Premios<\/h2>\n\t\t\t\t\t\t\t\t\t\t\t\t\t\t\t\t\t\t\t<span class=\"subtitle\">Wipo Award Roma<\/span>\n\t\t\t\t\t\t\t\t\t\t\t\t\t\t\t\t\t\t\t<span class=\"time\">4 de octubre de 2010<\/span>\n\t\t\t\t\t\t\t\t\t\t\t\t<p>Otorgado al Sr. Gino Rapparini presidente de ICA SPA en reconocimiento a \u00absu actividad empresarial en el sector del embalaje industrial\u00bb Wipo, (Organizaci\u00f3n Mundial de la Propiedad Intelectual) la organizaci\u00f3n mundial de propiedad intelectual con sede en Ginebra, es una agencia especializada desde 1974 de la ONU a la que se adhieren 184 naciones con el objetivo de \u201cfomentar la actividad creativa en el mundo\u201d, as\u00ed como la protecci\u00f3n de la propiedad intelectual. El prestigioso premio internacional Wipo inventor fue asignado a Gino Rapparini, presidente de Ica spa \u201cpor su actividad como empresario e innovador en el sector del embalaje industrial\u201d. La ceremonia de entrega tuvo lugar el 4 de octubre de 2010 en Roma, durante el octavo Foro organizado por la OMPI en colaboraci\u00f3n con la Oficina Italiana de Patentes y Marcas.<\/p>\n\t\t\t\t\t\t\t\t\t\t\t<\/div>\n\t\t\t\t\t\t\t\t\t<div class=\"column\">\n\t\t\t\t\t\t\t\t\t\t\t\t\t<div class=\"image-holder\">\n\t\t\t\t\t\t\t\t<picture>\n\t\t\t\t\t\t\t\t\t<source srcset=\"https:\/\/icausa.us\/wp-content\/uploads\/2020\/07\/logo09.png\" media=\"(max-width: 480px)\">\n\t\t\t\t\t\t\t\t\t<source srcset=\"https:\/\/icausa.us\/wp-content\/uploads\/2020\/07\/logo09.png\">\n\t\t\t\t\t\t\t\t\t<img decoding=\"async\" src=\"https:\/\/icausa.us\/wp-content\/uploads\/2020\/07\/logo09.png\" alt=\"image description\">\n\t\t\t\t\t\t\t\t<\/picture>\n\t\t\t\t\t\t\t<\/div>\n\t\t\t\t\t\t\t\t\t\t\t\t\t\t\t\t\t\t\t<h2>Certificaciones<\/h2>\n\t\t\t\t\t\t\t\t\t\t\t\t\t\t\t\t\t\t\t<span class=\"subtitle\">Premio a la innovaci\u00f3n TIC<\/span>\n\t\t\t\t\t\t\t\t\t\t\t\t\t\t\t\t\t\t\t<span class=\"time\">6 junio 2012<\/span>\n\t\t\t\t\t\t\t\t\t\t\t\t<p>ICA S.p.A. Ganadores del Premio a la Innovaci\u00f3n TIC Emilia &#8211; Romagna en la categor\u00eda \u00abSistemas de Gesti\u00f3n, Business Intelligence y CRM\u00bb El premio fue otorgado por la innovaci\u00f3n que ICA S.p.A. ha podido contribuir a su negocio, eligiendo a Innovatech Italia como socio tecnol\u00f3gico y adoptando Microsoft Dynamics CRM para gestionar todas las relaciones con sus clientes.<\/p>\n\t\t\t\t\t\t\t\t\t\t\t\t\t<a href=\"#license-section\"  class=\"btn anchor-link content-desktop\">EXPLORA LOS CERTIFICADOS<\/a>\n\t\t\t\t\t\t\t\t\t\t\t<\/div>\n\t\t\t\t\t\t\t<\/div>\n\t\t<\/div>\n\t<\/div>\n\n\n\t<div class=\"license-section\" id=\"license-section\">\n\t\t<div class=\"container\">\n\t\t\t<div class=\"license-holder\">\n\t\t\t\t\t\t\t\t\t<div class=\"license-text\">\n\t\t\t\t\t\t\t\t\t\t\t\t\t<h2>Excelencia italiana certificada <\/h2>\n\t\t\t\t\t\t\t\t\t\t\t\t<p>Las certificaciones para la organizaci\u00f3n y optimizaci\u00f3n de procesos y productos, emitidas por Kiwa Italia Spa, Parte Acreditada para el control de procesos, demuestran nuestro compromiso y fiabilidad hacia las personas con las que trabajamos:<\/p>\n\t\t\t\t\t\t\t\t\t\t\t\t\t<div class=\"gallery-buttons\"><\/div>\n\t\t\t\t\t\t\t\t\t\t\t<\/div>\n\t\t\t\t\t\t\t\t\t\t\t\t\t<div class=\"license-gallery\">\n\t\t\t\t\t\t\t\t\t\t\t\t\t<a class=\"slick-slide\" data-fancybox=\"true\" href=\"https:\/\/icausa.us\/wp-content\/uploads\/2022\/06\/ISO-45001_ICA_SCAD.-09-03-2023_IT.jpg\" tabindex=\"0\">\n\t\t\t\t\t\t\t\t<img decoding=\"async\" src=\"https:\/\/icausa.us\/wp-content\/uploads\/2022\/06\/ISO-45001_ICA_SCAD.-09-03-2023_IT-344x483.jpg\" alt=\"image description\">\n\t\t\t\t\t\t\t<\/a>\n\t\t\t\t\t\t\t\t\t\t\t\t\t<a class=\"slick-slide\" data-fancybox=\"true\" href=\"https:\/\/icausa.us\/wp-content\/uploads\/2022\/06\/ISO-45001_ICA_SCAD.-09-03-2023_EN.jpg\" tabindex=\"0\">\n\t\t\t\t\t\t\t\t<img decoding=\"async\" src=\"https:\/\/icausa.us\/wp-content\/uploads\/2022\/06\/ISO-45001_ICA_SCAD.-09-03-2023_EN-344x483.jpg\" alt=\"image description\">\n\t\t\t\t\t\t\t<\/a>\n\t\t\t\t\t\t\t\t\t\t\t\t\t<a class=\"slick-slide\" data-fancybox=\"true\" href=\"https:\/\/icausa.us\/wp-content\/uploads\/2022\/06\/ISO-9001_ICA_SCAD.-30-07-2024_IT.jpg\" tabindex=\"0\">\n\t\t\t\t\t\t\t\t<img decoding=\"async\" src=\"https:\/\/icausa.us\/wp-content\/uploads\/2022\/06\/ISO-9001_ICA_SCAD.-30-07-2024_IT-344x483.jpg\" alt=\"image description\">\n\t\t\t\t\t\t\t<\/a>\n\t\t\t\t\t\t\t\t\t\t\t\t\t<a class=\"slick-slide\" data-fancybox=\"true\" href=\"https:\/\/icausa.us\/wp-content\/uploads\/2022\/06\/ISO-9001_ICA_SCAD.-30-07-2024_EN.jpg\" tabindex=\"0\">\n\t\t\t\t\t\t\t\t<img decoding=\"async\" src=\"https:\/\/icausa.us\/wp-content\/uploads\/2022\/06\/ISO-9001_ICA_SCAD.-30-07-2024_EN-344x483.jpg\" alt=\"image description\">\n\t\t\t\t\t\t\t<\/a>\n\t\t\t\t\t\t\t\t\t\t\t\t\t<a class=\"slick-slide\" data-fancybox=\"true\" href=\"https:\/\/icausa.us\/wp-content\/uploads\/2020\/07\/PC_1190_OHSAS_18001_2017_eng.jpg\" tabindex=\"0\">\n\t\t\t\t\t\t\t\t<img decoding=\"async\" src=\"https:\/\/icausa.us\/wp-content\/uploads\/2020\/07\/PC_1190_OHSAS_18001_2017_eng-344x483.jpg\" alt=\"image description\">\n\t\t\t\t\t\t\t<\/a>\n\t\t\t\t\t\t\t\t\t\t\t<\/div>\n\t\t\t\t\t\t\t<\/div>\n\t\t<\/div>\n\t<\/div>\n\n\n\t<div class=\"content-section\" style=\"background-image: url(https:\/\/icausa.us\/wp-content\/uploads\/2020\/07\/img-bg03.jpg);\">\n\t\t<div class=\"container\">\n\t\t\t\t\t\t\t<h1>PARTICIPAMOS EN EVENTOS EN TODO EL MUNDO<\/h1>\n\t\t\t\t\t\t\t\t\t\t<a href=\"https:\/\/icausa.us\/fiere\/\"  class=\"btn\">IR AL CALENDARIO DE FERIAS<\/a>\n\t\t\t\t\t<\/div>\n\t<\/div>\n","protected":false},"excerpt":{"rendered":"","protected":false},"author":2,"featured_media":0,"parent":0,"menu_order":0,"comment_status":"closed","ping_status":"closed","template":"","meta":{"_acf_changed":false,"footnotes":""},"class_list":["post-1891","page","type-page","status-publish","hentry"],"acf":[],"_links":{"self":[{"href":"https:\/\/icausa.us\/es\/wp-json\/wp\/v2\/pages\/1891","targetHints":{"allow":["GET"]}}],"collection":[{"href":"https:\/\/icausa.us\/es\/wp-json\/wp\/v2\/pages"}],"about":[{"href":"https:\/\/icausa.us\/es\/wp-json\/wp\/v2\/types\/page"}],"author":[{"embeddable":true,"href":"https:\/\/icausa.us\/es\/wp-json\/wp\/v2\/users\/2"}],"replies":[{"embeddable":true,"href":"https:\/\/icausa.us\/es\/wp-json\/wp\/v2\/comments?post=1891"}],"version-history":[{"count":14,"href":"https:\/\/icausa.us\/es\/wp-json\/wp\/v2\/pages\/1891\/revisions"}],"predecessor-version":[{"id":3282,"href":"https:\/\/icausa.us\/es\/wp-json\/wp\/v2\/pages\/1891\/revisions\/3282"}],"wp:attachment":[{"href":"https:\/\/icausa.us\/es\/wp-json\/wp\/v2\/media?parent=1891"}],"curies":[{"name":"wp","href":"https:\/\/api.w.org\/{rel}","templated":true}]}}