{"id":775,"date":"2020-07-16T15:37:11","date_gmt":"2020-07-16T15:37:11","guid":{"rendered":"http:\/\/SITEURL\/home\/"},"modified":"2022-02-03T14:53:56","modified_gmt":"2022-02-03T12:53:56","slug":"home","status":"publish","type":"page","link":"https:\/\/icausa.us\/es\/","title":{"rendered":"Home"},"content":{"rendered":"\t<div class=\"gallery-section\">\n\t\t<div class=\"gallery-main gallery-overlay\">\n\t\t\t\t\t\t\t<div class=\"slick-slide\">\n\t\t\t\t\t<div class=\"container\">\n\t\t\t\t\t\t\t\t\t\t\t\t\t<div class=\"gallery-image\">\n\t\t\t\t\t\t\t\t<div class=\"gallery-image-inner\" style=\"background-image: url(https:\/\/icausa.us\/wp-content\/uploads\/2020\/07\/Prima-foto-carosello-iniziale-scaled.jpeg);\"><\/div>\n\t\t\t\t\t\t\t<\/div>\n\t\t\t\t\t\t\t\t\t\t\t\t\t\t\t\t\t\t\t<div class=\"gallery-text\">\n\t\t\t\t\t\t\t\t\t\t\t\t\t\t\t\t\t<h1>EXPRESAMOS NUESTRA CREATIVIDAD A TRAV\u00c9S DE LOS DISE\u00d1OS \u00daNICOS DE NUESTRAS M\u00c1QUINAS<\/h1>\n\t\t\t\t\t\t\t\t\t\t\t\t\t\t\t\t\t\t\t\t\t\t\t\t\t<div class=\"text-holder\">\n\t\t\t\t\t\t\t\t\t\t<p>Producimos soluciones de embalaje innovadoras para la mejora de los productos de nuestros clientes.<\/p>\n\t\t\t\t\t\t\t\t\t<\/div>\n\t\t\t\t\t\t\t\t\t\t\t\t\t\t\t\t\t\t\t\t\t\t\t\t\t<a href=\"https:\/\/www.icausa.us\/es\/macchine\/\"  class=\"btn\">M\u00e1s informaci\u00f3n<\/a>\n\t\t\t\t\t\t\t\t\t\t\t\t\t\t\t<\/div>\n\t\t\t\t\t\t\t\t\t\t\t<\/div>\n\t\t\t\t<\/div>\n\t\t\t\t\t\t\t<div class=\"slick-slide\">\n\t\t\t\t\t<div class=\"container\">\n\t\t\t\t\t\t\t\t\t\t\t\t\t<div class=\"gallery-image\">\n\t\t\t\t\t\t\t\t<div class=\"gallery-image-inner\" style=\"background-image: url(https:\/\/icausa.us\/wp-content\/uploads\/2020\/07\/Seconda-foto-carosello-iniziale-scaled.jpeg);\"><\/div>\n\t\t\t\t\t\t\t<\/div>\n\t\t\t\t\t\t\t\t\t\t\t\t\t\t\t\t\t\t\t<div class=\"gallery-text\">\n\t\t\t\t\t\t\t\t\t\t\t\t\t\t\t\t\t<h1>DISE\u00d1AMOS NUEVOS CONCEPTOS DE EMPAQUES JUNTO CON NUESTROS CLIENTES<\/h1>\n\t\t\t\t\t\t\t\t\t\t\t\t\t\t\t\t\t\t\t\t\t\t\t\t\t<div class=\"text-holder\">\n\t\t\t\t\t\t\t\t\t\t<p>ICA se asocia con nuestros clientes para crear sistemas capaces de satisfacer todas las necesidades.<\/p>\n\t\t\t\t\t\t\t\t\t<\/div>\n\t\t\t\t\t\t\t\t\t\t\t\t\t\t\t\t\t\t\t\t\t\t\t\t\t<a href=\"https:\/\/www.icausa.us\/es\/le-nostre-confezioni\/\"  class=\"btn\">M\u00e1s informaci\u00f3n <\/a>\n\t\t\t\t\t\t\t\t\t\t\t\t\t\t\t<\/div>\n\t\t\t\t\t\t\t\t\t\t\t<\/div>\n\t\t\t\t<\/div>\n\t\t\t\t\t\t\t<div class=\"slick-slide\">\n\t\t\t\t\t<div class=\"container\">\n\t\t\t\t\t\t\t\t\t\t\t\t\t<div class=\"gallery-image\">\n\t\t\t\t\t\t\t\t<div class=\"gallery-image-inner\" style=\"background-image: url(https:\/\/icausa.us\/wp-content\/uploads\/2020\/07\/Terza-foto-carousel.png);\"><\/div>\n\t\t\t\t\t\t\t<\/div>\n\t\t\t\t\t\t\t\t\t\t\t\t\t\t\t\t\t\t\t<div class=\"gallery-text\">\n\t\t\t\t\t\t\t\t\t\t\t\t\t\t\t\t\t<h1>TODO LO QUE HACEMOS VIENE DEL CORAZ\u00d3N. DESDE 1963<\/h1>\n\t\t\t\t\t\t\t\t\t\t\t\t\t\t\t\t\t\t\t\t\t\t\t\t\t<div class=\"text-holder\">\n\t\t\t\t\t\t\t\t\t\t<p>Estamos orgullosos de ser parte de una empresa que crea sus propias m\u00e1quinas \u00fanicas.<\/p>\n\t\t\t\t\t\t\t\t\t<\/div>\n\t\t\t\t\t\t\t\t\t\t\t\t\t\t\t\t\t\t\t\t\t\t\t\t\t<a href=\"https:\/\/www.icausa.us\/es\/azienda\/\"  class=\"btn\">M\u00e1s informaci\u00f3n<\/a>\n\t\t\t\t\t\t\t\t\t\t\t\t\t\t\t<\/div>\n\t\t\t\t\t\t\t\t\t\t\t<\/div>\n\t\t\t\t<\/div>\n\t\t\t\t\t<\/div>\n\t<\/div>\n\n\n\t<div class=\"desc-holder\">\n\t\t\t\t\t<div class=\"desc-section\">\n\t\t\t\t<div class=\"container\">\n\t\t\t\t\t\t\t\t\t\t\t<div class=\"desc-image\">\n\t\t\t\t\t\t\t<div class=\"desc-image-inner\" style=\"background-image: url(https:\/\/icausa.us\/wp-content\/uploads\/2020\/07\/fascia-macchine-homepage-scaled.jpg);\"><\/div>\n\t\t\t\t\t\t<\/div>\n\t\t\t\t\t\t\t\t\t\t\t\t\t\t\t\t<div class=\"desc-text\">\n\t\t\t\t\t\t\t<div class=\"desc-text-inner\">\n\t\t\t\t\t\t\t\t\t\t\t\t\t\t\t\t\t<h1>M\u00c1QUINAS<\/h1>\n\t\t\t\t\t\t\t\t\t\t\t\t\t\t\t\t\t\t\t\t\t\t\t\t\t<p>Nuestras m\u00e1quinas de envasado autom\u00e1tico son robustas y eficientes, f\u00e1ciles de usar y mantener, cumplen con los m\u00e1s altos est\u00e1ndares de seguridad y ofrecen un rendimiento cada vez m\u00e1s alto con soluciones avanzadas.<\/p>\n\t\t\t\t\t\t\t\t\t\t\t\t\t\t\t\t\t\t\t\t\t\t\t\t\t<a href=\"https:\/\/www.icausa.us\/es\/macchine\/\"  class=\"btn\">Ir al calendario<\/a>\n\t\t\t\t\t\t\t\t\t\t\t\t\t\t\t<\/div>\n\t\t\t\t\t\t<\/div>\n\t\t\t\t\t\t\t\t\t<\/div>\n\t\t\t<\/div>\n\t\t\t\t\t<div class=\"desc-section\">\n\t\t\t\t<div class=\"container\">\n\t\t\t\t\t\t\t\t\t\t\t<div class=\"desc-image\">\n\t\t\t\t\t\t\t<div class=\"desc-image-inner\" style=\"background-image: url(https:\/\/icausa.us\/wp-content\/uploads\/2020\/07\/homepage-confezioni-scaled.jpg);\"><\/div>\n\t\t\t\t\t\t<\/div>\n\t\t\t\t\t\t\t\t\t\t\t\t\t\t\t\t<div class=\"desc-text\">\n\t\t\t\t\t\t\t<div class=\"desc-text-inner\">\n\t\t\t\t\t\t\t\t\t\t\t\t\t\t\t\t\t<h1>BOLSAS<\/h1>\n\t\t\t\t\t\t\t\t\t\t\t\t\t\t\t\t\t\t\t\t\t\t\t\t\t<p>Cada paquete est\u00e1 hecho para garantizar la m\u00e1xima seguridad del producto y para cumplir con los m\u00e1s altos requisitos de dise\u00f1o est\u00e9tico, porque nuestras m\u00e1quinas se crean en torno a las necesidades de nuestros clientes.<\/p>\n\t\t\t\t\t\t\t\t\t\t\t\t\t\t\t\t\t\t\t\t\t\t\t\t\t<a href=\"https:\/\/www.icausa.us\/es\/le-nostre-confezioni\/\"  class=\"btn\">Ir al calendario<\/a>\n\t\t\t\t\t\t\t\t\t\t\t\t\t\t\t<\/div>\n\t\t\t\t\t\t<\/div>\n\t\t\t\t\t\t\t\t\t<\/div>\n\t\t\t<\/div>\n\t\t\t\t\t<div class=\"desc-section\">\n\t\t\t\t<div class=\"container\">\n\t\t\t\t\t\t\t\t\t\t\t<div class=\"desc-image\">\n\t\t\t\t\t\t\t<div class=\"desc-image-inner\" style=\"background-image: url(https:\/\/icausa.us\/wp-content\/uploads\/2021\/10\/HOST2021.jpg);\"><\/div>\n\t\t\t\t\t\t<\/div>\n\t\t\t\t\t\t\t\t\t\t\t\t\t\t\t\t<div class=\"desc-text\">\n\t\t\t\t\t\t\t<div class=\"desc-text-inner\">\n\t\t\t\t\t\t\t\t\t\t\t\t\t\t\t\t\t<h1>EXHIBICIONES<\/h1>\n\t\t\t\t\t\t\t\t\t\t\t\t\t\t\t\t\t\t\t\t\t\t\t\t\t<p>Las ferias comerciales son oportunidades preciosas para presentar nuestras soluciones, comparar con el mercado, conocer gente nueva y reunirse con nuestros clientes existentes nuevamente.<\/p>\n\t\t\t\t\t\t\t\t\t\t\t\t\t\t\t\t\t\t\t\t\t\t\t\t\t<a href=\"https:\/\/www.icausa.us\/es\/fiere\/\"  class=\"btn\">Ir al calendario<\/a>\n\t\t\t\t\t\t\t\t\t\t\t\t\t\t\t<\/div>\n\t\t\t\t\t\t<\/div>\n\t\t\t\t\t\t\t\t\t<\/div>\n\t\t\t<\/div>\n\t\t\t<\/div>\n\n\n\t<div class=\"gallery-section content-desktop\">\n\t\t<div class=\"gallery-main\">\n\t\t\t\t\t\t\t<div class=\"slick-slide\">\n\t\t\t\t\t<div class=\"container\">\n\t\t\t\t\t\t\t\t\t\t\t\t\t<div class=\"gallery-image\">\n\t\t\t\t\t\t\t\t<div class=\"gallery-image-inner\" style=\"background-image: url(https:\/\/icausa.us\/wp-content\/uploads\/2022\/07\/foto-1-scaled-1.jpeg);\"><\/div>\n\t\t\t\t\t\t\t<\/div>\n\t\t\t\t\t\t\t\t\t\t\t\t<div class=\"gallery-text\">\n\t\t\t\t\t\t\t\t\t\t\t\t\t\t\t<span class=\"subtitle\">News<\/span>\n\t\t\t\t\t\t\t\t\t\t\t\t\t\t<h1>Noticias del mundo ICA.<\/h1>\t\t\t\t\t\t\t<div class=\"text-holder\">\n\t\t\t\t\t\t\t\t<p>Nos complace anunciar la renovaci\u00f3n de la certificaci\u00f3n de instrumentos de control de&#8230;<\/p>\n\t\t\t\t\t\t\t<\/div>\n\t\t\t\t\t\t\t<div class=\"btn-wrap\">\n\t\t\t\t\t\t\t\t<a href=\"https:\/\/icausa.us\/es\/news-dal-mondo-ica\/\" class=\"btn\">LEGGI LA NEWS<\/a>\n\t\t\t\t\t\t\t\t\t\t\t\t\t\t\t\t\t<a href=\"https:\/\/www.icausa.us\/es\/news\/\"  class=\"btn btn-secondary\">NOTICIA<\/a>\n\t\t\t\t\t\t\t\t\t\t\t\t\t\t\t<\/div>\n\t\t\t\t\t\t<\/div>\n\t\t\t\t\t<\/div>\n\t\t\t\t<\/div>\n\t\t\t\t\t\t\t<div class=\"slick-slide\">\n\t\t\t\t\t<div class=\"container\">\n\t\t\t\t\t\t\t\t\t\t\t\t\t<div class=\"gallery-image\">\n\t\t\t\t\t\t\t\t<div class=\"gallery-image-inner\" style=\"background-image: url(https:\/\/icausa.us\/wp-content\/uploads\/2020\/07\/image2.jpg);\"><\/div>\n\t\t\t\t\t\t\t<\/div>\n\t\t\t\t\t\t\t\t\t\t\t\t<div class=\"gallery-text\">\n\t\t\t\t\t\t\t\t\t\t\t\t\t\t\t<span class=\"subtitle\">News<\/span>\n\t\t\t\t\t\t\t\t\t\t\t\t\t\t<h1>CONFEZIONAMENTO IN ATMOSFERA MODIFICATA<\/h1>\t\t\t\t\t\t\t<div class=\"text-holder\">\n\t\t\t\t\t\t\t\t<p>Il fortissimo trend degli ultimi anni verso l&#8217;abbandono dei conservanti per molti prodotti&#8230;<\/p>\n\t\t\t\t\t\t\t<\/div>\n\t\t\t\t\t\t\t<div class=\"btn-wrap\">\n\t\t\t\t\t\t\t\t<a href=\"https:\/\/icausa.us\/es\/confezionamento-in-atmosfera-modificata\/\" class=\"btn\">LEGGI LA NEWS<\/a>\n\t\t\t\t\t\t\t\t\t\t\t\t\t\t\t\t\t<a href=\"https:\/\/www.icausa.us\/es\/news\/\"  class=\"btn btn-secondary\">NOTICIA<\/a>\n\t\t\t\t\t\t\t\t\t\t\t\t\t\t\t<\/div>\n\t\t\t\t\t\t<\/div>\n\t\t\t\t\t<\/div>\n\t\t\t\t<\/div>\n\t\t\t\t\t\t\t<div class=\"slick-slide\">\n\t\t\t\t\t<div class=\"container\">\n\t\t\t\t\t\t\t\t\t\t\t\t\t<div class=\"gallery-image\">\n\t\t\t\t\t\t\t\t<div class=\"gallery-image-inner\" style=\"background-image: url(https:\/\/icausa.us\/wp-content\/uploads\/2020\/07\/image3.jpg);\"><\/div>\n\t\t\t\t\t\t\t<\/div>\n\t\t\t\t\t\t\t\t\t\t\t\t<div class=\"gallery-text\">\n\t\t\t\t\t\t\t\t\t\t\t\t\t\t\t<span class=\"subtitle\">News<\/span>\n\t\t\t\t\t\t\t\t\t\t\t\t\t\t<h1>SP6M \u2013 Premade pouches filler<\/h1>\t\t\t\t\t\t\t<div class=\"text-holder\">\n\t\t\t\t\t\t\t\t<p>L\u2019evoluzione della nostra SP6M, ora ricca di optional, per riempire sacchetti prefabbricati di&#8230;<\/p>\n\t\t\t\t\t\t\t<\/div>\n\t\t\t\t\t\t\t<div class=\"btn-wrap\">\n\t\t\t\t\t\t\t\t<a href=\"https:\/\/icausa.us\/es\/sp6m-premade-pouches-filler\/\" class=\"btn\">LEGGI LA NEWS<\/a>\n\t\t\t\t\t\t\t\t\t\t\t\t\t\t\t\t\t<a href=\"https:\/\/www.icausa.us\/es\/news\/\"  class=\"btn btn-secondary\">NOTICIA<\/a>\n\t\t\t\t\t\t\t\t\t\t\t\t\t\t\t<\/div>\n\t\t\t\t\t\t<\/div>\n\t\t\t\t\t<\/div>\n\t\t\t\t<\/div>\n\t\t\t\t\t<\/div>\n\t<\/div>\n\t<div class=\"info-section info-secondary content-mobile\">\n\t\t<div class=\"container\">\n\t\t\t<div class=\"cards-holder\">\n\t\t\t\t\t\t\t\t\t<div class=\"card card-secondary\">\n\t\t\t\t\t\t\t\t\t\t\t\t\t<div class=\"card-image\" style=\"background-image: url(https:\/\/icausa.us\/wp-content\/uploads\/2022\/07\/foto-1-scaled-1.jpeg);\"><\/div>\n\t\t\t\t\t\t\t\t\t\t\t\t<div class=\"card-body\">\n\t\t\t\t\t\t\t<time datetime=\"2021-10-15\"><a href=\"https:\/\/icausa.us\/es\/2021\/10\/\">15 octubre 2021<\/a><\/time>\n\t\t\t\t\t\t\t<h3>Noticias del mundo ICA.<\/h3>\t\t\t\t\t\t\t<p>Nos complace anunciar la renovaci\u00f3n de la certificaci\u00f3n de instrumentos de control de&#8230;<\/p>\n\t\t\t\t\t\t<\/div>\n\t\t\t\t\t\t<div class=\"card-footer\">\n\t\t\t\t\t\t\t<ul class=\"links-list\">\n\t\t\t\t\t\t\t\t<li><a href=\"https:\/\/icausa.us\/es\/news-dal-mondo-ica\/\">Read the news<\/a><\/li>\n\t\t\t\t\t\t\t\t\t\t\t\t\t\t\t\t\t<li><a href=\"https:\/\/www.icausa.us\/es\/news\/\" >NOTICIA<\/a><\/li>\n\t\t\t\t\t\t\t\t\t\t\t\t\t\t\t<\/ul>\n\t\t\t\t\t\t<\/div>\n\t\t\t\t\t<\/div>\n\t\t\t\t\t\t\t<\/div>\n\t\t<\/div>\n\t<\/div>\n\n\n\t<div class=\"content-section\" style=\"background-image: url(https:\/\/icausa.us\/wp-content\/uploads\/2020\/07\/img-bg01.jpg);\">\n\t\t<div class=\"container\">\n\t\t\t\t\t\t\t<h1>Cada desaf\u00edo es una nueva oportunidad.<\/h1>\n\t\t\t\t\t\t\t\t\t\t<a href=\"https:\/\/www.icausa.us\/es\/contatti\/\"  class=\"btn\">Cont\u00e1ctanos<\/a>\n\t\t\t\t\t<\/div>\n\t<\/div>\n","protected":false},"excerpt":{"rendered":"","protected":false},"author":2,"featured_media":0,"parent":0,"menu_order":0,"comment_status":"closed","ping_status":"closed","template":"pages\/template-home.php","meta":{"_acf_changed":false,"footnotes":""},"class_list":["post-775","page","type-page","status-publish","hentry"],"acf":[],"_links":{"self":[{"href":"https:\/\/icausa.us\/es\/wp-json\/wp\/v2\/pages\/775","targetHints":{"allow":["GET"]}}],"collection":[{"href":"https:\/\/icausa.us\/es\/wp-json\/wp\/v2\/pages"}],"about":[{"href":"https:\/\/icausa.us\/es\/wp-json\/wp\/v2\/types\/page"}],"author":[{"embeddable":true,"href":"https:\/\/icausa.us\/es\/wp-json\/wp\/v2\/users\/2"}],"replies":[{"embeddable":true,"href":"https:\/\/icausa.us\/es\/wp-json\/wp\/v2\/comments?post=775"}],"version-history":[{"count":6,"href":"https:\/\/icausa.us\/es\/wp-json\/wp\/v2\/pages\/775\/revisions"}],"predecessor-version":[{"id":3020,"href":"https:\/\/icausa.us\/es\/wp-json\/wp\/v2\/pages\/775\/revisions\/3020"}],"wp:attachment":[{"href":"https:\/\/icausa.us\/es\/wp-json\/wp\/v2\/media?parent=775"}],"curies":[{"name":"wp","href":"https:\/\/api.w.org\/{rel}","templated":true}]}}