{"id":1818,"date":"2020-07-13T12:20:10","date_gmt":"2020-07-13T12:20:10","guid":{"rendered":"http:\/\/icaspa.akb36hfygl-ewl6nk0jw652.p.runcloud.link\/azienda\/"},"modified":"2022-07-12T17:03:02","modified_gmt":"2022-07-12T15:03:02","slug":"azienda","status":"publish","type":"page","link":"https:\/\/icausa.us\/fr\/azienda\/","title":{"rendered":"Agence"},"content":{"rendered":"\t<div class=\"reverse-holder\">\n\t\t\t\t\t<section class=\"reverse-section\">\n\t\t\t\t<div class=\"container\">\n\t\t\t\t\t\t\t\t\t\t\t<div class=\"reverse-image\">\n\t\t\t\t\t\t\t<div class=\"reverse-image-inner\" style=\"background-image: url(https:\/\/icausa.us\/wp-content\/uploads\/2021\/10\/Azienda-primo-blocco-scaled.jpeg);\"><\/div>\n\t\t\t\t\t\t<\/div>\n\t\t\t\t\t\t\t\t\t\t\t\t\t\t\t\t<div class=\"reverse-text\">\n\t\t\t\t\t\t\t\t\t\t\t\t\t\t\t<h2>Machines automatiques pour le conditionnement du c\u0153ur technologique<\/h2>\n\t\t\t\t\t\t\t\t\t\t\t\t\t\t<p>Nous concevons et r\u00e9alisons des machines automatiques pour le conditionnement des produits alimentaires, chimiques, th\u00e9 et caf\u00e9.<br \/>\nChaque machine est le r\u00e9sultat de l\u2019approche cr\u00e9ative avec laquelle nous affrontons chaque probl\u00e8me, une approche qui au fil des ann\u00e9es est devenue comp\u00e9tence et passion pour un travail qui \u00e9volue et se renforce gr\u00e2ce \u00e0 la technologie qu&rsquo;il utilise. Notre direction est le futur, que nous regardons avec la force des id\u00e9es et le respect pour les personnes avec lesquelles nous travaillons.<\/p>\n<p>L\u2019originalit\u00e9 est l\u2019innovation de nos syst\u00e8mes de conditionnement, qui est attest\u00e9e par plus de 200 brevets et par le prix WIPO INVENTOR AWARD, conf\u00e9r\u00e9 \u00e0 ICA en qualit\u00e9 d\u2019excellence italienne, par l\u2019Organisation Mondiale pour la Propri\u00e9t\u00e9 Intellectuelle, agence des Nations Unies.<\/p>\n\t\t\t\t\t\t\t\t\t\t\t\t\t<\/div>\n\t\t\t\t\t\t\t\t\t<\/div>\n\t\t\t<\/section>\n\t\t\t\t\t<section class=\"reverse-section\">\n\t\t\t\t<div class=\"container\">\n\t\t\t\t\t\t\t\t\t\t\t<div class=\"reverse-image\">\n\t\t\t\t\t\t\t<div class=\"reverse-image-inner\" style=\"background-image: url(https:\/\/icausa.us\/wp-content\/uploads\/2021\/10\/Blocco-valori-scaled.jpeg);\"><\/div>\n\t\t\t\t\t\t<\/div>\n\t\t\t\t\t\t\t\t\t\t\t\t\t\t\t\t<div class=\"reverse-text\">\n\t\t\t\t\t\t\t\t\t\t\t\t\t\t\t<h2>PERSONNES ET VALEURS : LES RACINES DE NOTRE ENTREPRISE<\/h2>\n\t\t\t\t\t\t\t\t\t\t\t\t\t\t<p>L\u2019esprit de collaboration, le sens d\u2019appartenance et la transparence. Voici les principes \u00e0 la base de notre travail et qui nous accompagnent dans notre croissance qui, d&rsquo;une petite entreprise locale, nous a fait devenir une soci\u00e9t\u00e9 affirm\u00e9e au niveau international.<\/p>\n<p>Au centre de notre monde de valeurs, il y a les personnes, des employ\u00e9s, aux collaborateurs, aux clients, avec lesquels nous \u00e9tablissons des relations de confiance et de respect, parce que nous restons fid\u00e8les aux valeurs fondatrices de notre r\u00e9alit\u00e9, celles d&rsquo;une entreprise familiale.<\/p>\n\t\t\t\t\t\t\t\t\t\t\t\t\t<\/div>\n\t\t\t\t\t\t\t\t\t<\/div>\n\t\t\t<\/section>\n\t\t\t\t\t<section class=\"reverse-section\">\n\t\t\t\t<div class=\"container\">\n\t\t\t\t\t\t\t\t\t\t\t<div class=\"reverse-image\">\n\t\t\t\t\t\t\t<div class=\"reverse-image-inner\" style=\"background-image: url(https:\/\/icausa.us\/wp-content\/uploads\/2022\/07\/storia-scaled-1.jpg);\"><\/div>\n\t\t\t\t\t\t<\/div>\n\t\t\t\t\t\t\t\t\t\t\t\t\t\t\t\t<div class=\"reverse-text\">\n\t\t\t\t\t\t\t\t\t\t\t\t\t\t\t<h2>HISTOIRE<\/h2>\n\t\t\t\t\t\t\t\t\t\t\t\t\t\t<p>Si notre longue histoire nous dit qui nous sommes aujourd&rsquo;hui, notre vision de la beaut\u00e9, de l&rsquo;innovation et de la durabilit\u00e9 anticipe notre vision de l&rsquo;avenir.<br \/>\nICA a \u00e9t\u00e9 fond\u00e9e en 1963 gr\u00e2ce \u00e0 la d\u00e9termination de Gino Rapparini, qui a d\u00e9cid\u00e9 de croire en son projet : construire des machines automatiques en s&rsquo;appuyant sur une approche innovante, sans avoir peur de s&rsquo;\u00e9carter des conventions du moment et en d\u00e9cidant, en fait, de l&rsquo;avenir de notre entreprise. Les d\u00e9fis, le d\u00e9vouement, la passion et le travail d&rsquo;\u00e9quipe ont toujours caract\u00e9ris\u00e9 notre quotidien et sont les racines d&rsquo;une entreprise qui se tourne aujourd&rsquo;hui vers l&rsquo;avenir avec la m\u00eame d\u00e9termination qu&rsquo;il y a 60 ans.<\/p>\n\t\t\t\t\t\t\t\t\t\t\t\t\t<\/div>\n\t\t\t\t\t\t\t\t\t<\/div>\n\t\t\t<\/section>\n\t\t\t<\/div>\n\n\n\t<div class=\"step-section\">\n\t\t<div class=\"container\">\n\t\t\t<ul class=\"step-list\">\n\t\t\t\t\t\t\t\t\t<li>\n\t\t\t\t\t\t\t\t\t\t\t\t\t<div class=\"step-image\">\n\t\t\t\t\t\t\t\t<img decoding=\"async\" src=\"https:\/\/icausa.us\/wp-content\/uploads\/2022\/07\/foto-storia-1963.jpeg\" alt=\"image description\">\n\t\t\t\t\t\t\t<\/div>\n\t\t\t\t\t\t\t\t\t\t\t\t\t\t\t\t\t\t\t<div class=\"step-text\">\n\t\t\t\t\t\t\t\t\t\t\t\t\t\t\t\t\t<h3>1963<\/h3>\n\t\t\t\t\t\t\t\t\t\t\t\t\t\t\t\t<p>ICA (Industria Costruzione Automatiche) est cr\u00e9\u00e9e par Mr. Gino Rapparini avec comme id\u00e9e la construction de machines de conditionnement \u00e0 partir de mat\u00e9riaux flexibles.<\/p>\n\t\t\t\t\t\t\t<\/div>\n\t\t\t\t\t\t\t\t\t\t\t<\/li>\n\t\t\t\t\t\t\t\t\t<li>\n\t\t\t\t\t\t\t\t\t\t\t\t\t<div class=\"step-image\">\n\t\t\t\t\t\t\t\t<img decoding=\"async\" src=\"https:\/\/icausa.us\/wp-content\/uploads\/2022\/06\/n2-1964-338x400.jpg\" alt=\"image description\">\n\t\t\t\t\t\t\t<\/div>\n\t\t\t\t\t\t\t\t\t\t\t\t\t\t\t\t\t\t\t<div class=\"step-text\">\n\t\t\t\t\t\t\t\t\t\t\t\t\t\t\t\t\t<h3>1964<\/h3>\n\t\t\t\t\t\t\t\t\t\t\t\t\t\t\t\t<p>CSV10, une ensacheuse verticale \u00e0 partir de bobine.<\/p>\n\t\t\t\t\t\t\t<\/div>\n\t\t\t\t\t\t\t\t\t\t\t<\/li>\n\t\t\t\t\t\t\t\t\t<li>\n\t\t\t\t\t\t\t\t\t\t\t\t\t<div class=\"step-image\">\n\t\t\t\t\t\t\t\t<img decoding=\"async\" src=\"https:\/\/icausa.us\/wp-content\/uploads\/2022\/06\/n3-anni70-338x400.png\" alt=\"image description\">\n\t\t\t\t\t\t\t<\/div>\n\t\t\t\t\t\t\t\t\t\t\t\t\t\t\t\t\t\t\t<div class=\"step-text\">\n\t\t\t\t\t\t\t\t\t\t\t\t\t\t\t\t\t<h3>\u201870<\/h3>\n\t\t\t\t\t\t\t\t\t\t\t\t\t\t\t\t<p>L\u2019ensacheuse RS20 est con\u00e7ue pour le conditionnement \u00e0 partir de sachets pr\u00e9fabriqu\u00e9s, puis \u00e9volue au fil des ans pour former le paquet \u00e0 partir de bobine, en deux versions, l\u2019 AROMAPACK pour les produits fragiles et la VACUUMPACK pour l&#8217;emballage sous vide.<\/p>\n\t\t\t\t\t\t\t<\/div>\n\t\t\t\t\t\t\t\t\t\t\t<\/li>\n\t\t\t\t\t\t\t\t\t<li>\n\t\t\t\t\t\t\t\t\t\t\t\t\t<div class=\"step-image\">\n\t\t\t\t\t\t\t\t<img decoding=\"async\" src=\"https:\/\/icausa.us\/wp-content\/uploads\/2022\/06\/n-4-_anni-80.jpg\" alt=\"image description\">\n\t\t\t\t\t\t\t<\/div>\n\t\t\t\t\t\t\t\t\t\t\t\t\t\t\t\t\t\t\t<div class=\"step-text\">\n\t\t\t\t\t\t\t\t\t\t\t\t\t\t\t\t\t<h3>1980<\/h3>\n\t\t\t\t\t\t\t\t\t\t\t\t\t\t\t\t<p>D\u00e9m\u00e9nagement de l\u2019entreprise, o\u00f9 nous sommes actuellement, Via del Litografo 7.<\/p>\n\t\t\t\t\t\t\t<\/div>\n\t\t\t\t\t\t\t\t\t\t\t<\/li>\n\t\t\t\t\t\t\t\t\t<li>\n\t\t\t\t\t\t\t\t\t\t\t\t\t<div class=\"step-image\">\n\t\t\t\t\t\t\t\t<img decoding=\"async\" src=\"https:\/\/icausa.us\/wp-content\/uploads\/2022\/06\/n5-1983HF100.png\" alt=\"image description\">\n\t\t\t\t\t\t\t<\/div>\n\t\t\t\t\t\t\t\t\t\t\t\t\t\t\t\t\t\t\t<div class=\"step-text\">\n\t\t\t\t\t\t\t\t\t\t\t\t\t\t\t\t\t<h3>1983<\/h3>\n\t\t\t\t\t\t\t\t\t\t\t\t\t\t\t\t<p>Est cr\u00e9\u00e9e la HF100, un groupe r\u00e9volutionnaire de conditionnement \u00e0 mandrins pour l\u2019ensachage, \u00e0 partir de bobine de papier, \u00e0 grandes cadences, de produits comme le sucre, la farine et le riz.<\/p>\n\t\t\t\t\t\t\t<\/div>\n\t\t\t\t\t\t\t\t\t\t\t<\/li>\n\t\t\t\t\t\t\t\t\t<li>\n\t\t\t\t\t\t\t\t\t\t\t\t\t<div class=\"step-image\">\n\t\t\t\t\t\t\t\t<img decoding=\"async\" src=\"https:\/\/icausa.us\/wp-content\/uploads\/2022\/06\/n6-1988-338x400.jpg\" alt=\"image description\">\n\t\t\t\t\t\t\t<\/div>\n\t\t\t\t\t\t\t\t\t\t\t\t\t\t\t\t\t\t\t<div class=\"step-text\">\n\t\t\t\t\t\t\t\t\t\t\t\t\t\t\t\t\t<h3>1988<\/h3>\n\t\t\t\t\t\t\t\t\t\t\t\t\t\t\t\t<p>HIVAC 90, notre ensacheuse automatique, \u00e0 haute cadence, pour le conditionnement en paquets sous vide.<\/p>\n\t\t\t\t\t\t\t<\/div>\n\t\t\t\t\t\t\t\t\t\t\t<\/li>\n\t\t\t\t\t\t\t\t\t<li>\n\t\t\t\t\t\t\t\t\t\t\t\t\t<div class=\"step-image\">\n\t\t\t\t\t\t\t\t<img decoding=\"async\" src=\"https:\/\/icausa.us\/wp-content\/uploads\/2022\/06\/n7-1997.jpg\" alt=\"image description\">\n\t\t\t\t\t\t\t<\/div>\n\t\t\t\t\t\t\t\t\t\t\t\t\t\t\t\t\t\t\t<div class=\"step-text\">\n\t\t\t\t\t\t\t\t\t\t\t\t\t\t\t\t\t<h3>1997<\/h3>\n\t\t\t\t\t\t\t\t\t\t\t\t\t\t\t\t<p>Notre s\u00e9rie de CSV40, ensacheuses automatiques avec multiples possibilit\u00e9s de fermeture des paquets.<\/p>\n\t\t\t\t\t\t\t<\/div>\n\t\t\t\t\t\t\t\t\t\t\t<\/li>\n\t\t\t\t\t\t\t\t\t<li>\n\t\t\t\t\t\t\t\t\t\t\t\t\t<div class=\"step-image\">\n\t\t\t\t\t\t\t\t<img decoding=\"async\" src=\"https:\/\/icausa.us\/wp-content\/uploads\/2022\/06\/n8-2003-cialda-338x400.jpg\" alt=\"image description\">\n\t\t\t\t\t\t\t<\/div>\n\t\t\t\t\t\t\t\t\t\t\t\t\t\t\t\t\t\t\t<div class=\"step-text\">\n\t\t\t\t\t\t\t\t\t\t\t\t\t\t\t\t\t<h3>2003<\/h3>\n\t\t\t\t\t\t\t\t\t\t\t\t\t\t\t\t<p>ICA entre sur le march\u00e9 des pastilles souples de caf\u00e9 \/ th\u00e9 avec sa nouvelle machine \u00e0 tambour, avec la PRONTOCOFFE PC200.<\/p>\n\t\t\t\t\t\t\t<\/div>\n\t\t\t\t\t\t\t\t\t\t\t<\/li>\n\t\t\t\t\t\t\t\t\t<li>\n\t\t\t\t\t\t\t\t\t\t\t\t\t<div class=\"step-image\">\n\t\t\t\t\t\t\t\t<img decoding=\"async\" src=\"https:\/\/icausa.us\/wp-content\/uploads\/2022\/06\/n9cialde-prontowash-BIG.jpg\" alt=\"image description\">\n\t\t\t\t\t\t\t<\/div>\n\t\t\t\t\t\t\t\t\t\t\t\t\t\t\t\t\t\t\t<div class=\"step-text\">\n\t\t\t\t\t\t\t\t\t\t\t\t\t\t\t\t\t<h3>2008<\/h3>\n\t\t\t\t\t\t\t\t\t\t\t\t\t\t\t\t<p>iMonodose: AROMACUP pour capsules de caf\u00e9 et PRONTOWASH pour doses de d\u00e9tergents solubles dans l&rsquo;eau. Deux nouvelles machines pour la r\u00e9alisation de doses unitaires.<\/p>\n\t\t\t\t\t\t\t<\/div>\n\t\t\t\t\t\t\t\t\t\t\t<\/li>\n\t\t\t\t\t\t\t\t\t<li>\n\t\t\t\t\t\t\t\t\t\t\t\t\t<div class=\"step-image\">\n\t\t\t\t\t\t\t\t<img decoding=\"async\" src=\"https:\/\/icausa.us\/wp-content\/uploads\/2022\/06\/capsula-compostabile-1.png\" alt=\"image description\">\n\t\t\t\t\t\t\t<\/div>\n\t\t\t\t\t\t\t\t\t\t\t\t\t\t\t\t\t\t\t<div class=\"step-text\">\n\t\t\t\t\t\t\t\t\t\t\t\t\t\t\t\t\t<h3>2016<\/h3>\n\t\t\t\t\t\t\t\t\t\t\t\t\t\t\t\t<p>Production de mono-doses de caf\u00e9 avec capsules compostables.<\/p>\n\t\t\t\t\t\t\t<\/div>\n\t\t\t\t\t\t\t\t\t\t\t<\/li>\n\t\t\t\t\t\t\t\t\t<li>\n\t\t\t\t\t\t\t\t\t\t\t\t\t<div class=\"step-image\">\n\t\t\t\t\t\t\t\t<img decoding=\"async\" src=\"https:\/\/icausa.us\/wp-content\/uploads\/2021\/12\/RCL1_00_trasparente-400x400.png\" alt=\"image description\">\n\t\t\t\t\t\t\t<\/div>\n\t\t\t\t\t\t\t\t\t\t\t\t\t\t\t\t\t\t\t<div class=\"step-text\">\n\t\t\t\t\t\t\t\t\t\t\t\t\t\t\t\t\t<h3>2019<\/h3>\n\t\t\t\t\t\t\t\t\t\t\t\t\t\t\t\t<p>RCL1 la machine compacte en ligne pour petites productions de capsules mono-dose de caf\u00e9, th\u00e9 et boissons instantan\u00e9es, avec changement de format rapide et assist\u00e9.<\/p>\n\t\t\t\t\t\t\t<\/div>\n\t\t\t\t\t\t\t\t\t\t\t<\/li>\n\t\t\t\t\t\t\t\t\t<li>\n\t\t\t\t\t\t\t\t\t\t\t\t\t<div class=\"step-image\">\n\t\t\t\t\t\t\t\t<img decoding=\"async\" src=\"https:\/\/icausa.us\/wp-content\/uploads\/2022\/07\/storia-scaled-1-400x400.jpg\" alt=\"image description\">\n\t\t\t\t\t\t\t<\/div>\n\t\t\t\t\t\t\t\t\t\t\t\t\t\t\t\t\t\t\t<div class=\"step-text\">\n\t\t\t\t\t\t\t\t\t\t\t\t\t\t\t\t\t<h3>2020<\/h3>\n\t\t\t\t\t\t\t\t\t\t\t\t\t\t\t\t<p>Durabilit\u00e9. Le syst\u00e8me photovolta\u00efque est install\u00e9 sur les nouvelles usines de production pour un impact environnemental moindre.<\/p>\n\t\t\t\t\t\t\t<\/div>\n\t\t\t\t\t\t\t\t\t\t\t<\/li>\n\t\t\t\t\t\t\t<\/ul>\n\t\t<\/div>\n\t<\/div>\n\n\n\t<div class=\"content-section\" style=\"background-image: url(https:\/\/icausa.us\/wp-content\/uploads\/2020\/07\/img-bg01.jpg);\">\n\t\t<div class=\"container\">\n\t\t\t\t\t\t\t<h1>CHAQUE D\u00c9FI EST UNE NOUVELLE OPPORTUNIT\u00c9<\/h1>\n\t\t\t\t\t\t\t\t\t\t<a href=\"https:\/\/www.icausa.us\/fr\/contatti\/\"  class=\"btn\">EN SAVOIR PLUS<\/a>\n\t\t\t\t\t<\/div>\n\t<\/div>\n","protected":false},"excerpt":{"rendered":"","protected":false},"author":2,"featured_media":0,"parent":0,"menu_order":0,"comment_status":"closed","ping_status":"closed","template":"","meta":{"_acf_changed":false,"footnotes":""},"class_list":["post-1818","page","type-page","status-publish","hentry"],"acf":[],"_links":{"self":[{"href":"https:\/\/icausa.us\/fr\/wp-json\/wp\/v2\/pages\/1818","targetHints":{"allow":["GET"]}}],"collection":[{"href":"https:\/\/icausa.us\/fr\/wp-json\/wp\/v2\/pages"}],"about":[{"href":"https:\/\/icausa.us\/fr\/wp-json\/wp\/v2\/types\/page"}],"author":[{"embeddable":true,"href":"https:\/\/icausa.us\/fr\/wp-json\/wp\/v2\/users\/2"}],"replies":[{"embeddable":true,"href":"https:\/\/icausa.us\/fr\/wp-json\/wp\/v2\/comments?post=1818"}],"version-history":[{"count":23,"href":"https:\/\/icausa.us\/fr\/wp-json\/wp\/v2\/pages\/1818\/revisions"}],"predecessor-version":[{"id":3398,"href":"https:\/\/icausa.us\/fr\/wp-json\/wp\/v2\/pages\/1818\/revisions\/3398"}],"wp:attachment":[{"href":"https:\/\/icausa.us\/fr\/wp-json\/wp\/v2\/media?parent=1818"}],"curies":[{"name":"wp","href":"https:\/\/api.w.org\/{rel}","templated":true}]}}