{"id":1845,"date":"2020-07-20T13:47:48","date_gmt":"2020-07-20T13:47:48","guid":{"rendered":"http:\/\/icaspa.akb36hfygl-ewl6nk0jw652.p.runcloud.link\/ricambi\/"},"modified":"2022-06-14T17:27:27","modified_gmt":"2022-06-14T15:27:27","slug":"ricambi","status":"publish","type":"page","link":"https:\/\/icausa.us\/fr\/ricambi\/","title":{"rendered":"Pieces de rechange"},"content":{"rendered":"\t<div class=\"reverse-holder\">\n\t\t\t\t\t<section class=\"reverse-section\">\n\t\t\t\t<div class=\"container\">\n\t\t\t\t\t\t\t\t\t\t\t<div class=\"reverse-image\">\n\t\t\t\t\t\t\t<div class=\"reverse-image-inner\" style=\"background-image: url(https:\/\/icausa.us\/wp-content\/uploads\/2021\/10\/Ricambi-primo-blocco-1-scaled.jpeg);\"><\/div>\n\t\t\t\t\t\t<\/div>\n\t\t\t\t\t\t\t\t\t\t\t\t\t\t\t\t<div class=\"reverse-text\">\n\t\t\t\t\t\t\t\t\t\t\t\t\t\t\t<h2>PIECES DE RECHANGE <\/h2>\n\t\t\t\t\t\t\t\t\t\t\t\t\t\t<p>La fiabilit\u00e9 des pi\u00e8ces de rechange d\u2019origine Seules les pi\u00e8ces de rechange d&rsquo;origine garantissent le cycle de vie des machines, car elles sont con\u00e7ues par le fabricant de la machine en fonction des exigences du client.<\/p>\n\t\t\t\t\t\t\t\t\t\t\t\t\t<\/div>\n\t\t\t\t\t\t\t\t\t<\/div>\n\t\t\t<\/section>\n\t\t\t\t\t<section class=\"reverse-section\">\n\t\t\t\t<div class=\"container\">\n\t\t\t\t\t\t\t\t\t\t\t<div class=\"reverse-image\">\n\t\t\t\t\t\t\t<div class=\"reverse-image-inner\" style=\"background-image: url(https:\/\/icausa.us\/wp-content\/uploads\/2021\/10\/Ricambi-secondo-blocco-scaled.jpeg);\"><\/div>\n\t\t\t\t\t\t<\/div>\n\t\t\t\t\t\t\t\t\t\t\t\t\t\t\t\t<div class=\"reverse-text\">\n\t\t\t\t\t\t\t\t\t\t\t\t\t\t\t<h2>Toutes les pi\u00e8ces de rechange d\u2019origine dans notre catalogue<\/h2>\n\t\t\t\t\t\t\t\t\t\t\t\t\t\t<p>Acc\u00e9dez \u00e0 la zone r\u00e9serv\u00e9e et consultez en ligne le catalogue des pi\u00e8ces de votre machine de conditionnement automatique.<\/p>\n\t\t\t\t\t\t\t\t\t\t\t\t\t\t\t<a href=\" https:\/\/sparepart.icaspa.it\/\"  class=\"btn\">Acc\u00e9dez \u00e0 la zone r\u00e9serv\u00e9e<\/a>\n\t\t\t\t\t\t\t\t\t\t\t\t\t<\/div>\n\t\t\t\t\t\t\t\t\t<\/div>\n\t\t\t<\/section>\n\t\t\t<\/div>\n\n\n\t<div class=\"content-section\" style=\"background-image: url(https:\/\/icausa.us\/wp-content\/uploads\/2020\/07\/img-bg01.jpg);\">\n\t\t<div class=\"container\">\n\t\t\t\t\t\t\t<h1>Vous avez besoin d\u2019informations ?<\/h1>\n\t\t\t\t\t\t\t\t\t\t<a href=\"https:\/\/icausa.us\/fr\/contatti\/\"  class=\"btn\">Contactez l\u2019assistance clients<\/a>\n\t\t\t\t\t<\/div>\n\t<\/div>\n","protected":false},"excerpt":{"rendered":"","protected":false},"author":2,"featured_media":0,"parent":0,"menu_order":0,"comment_status":"closed","ping_status":"closed","template":"","meta":{"_acf_changed":false,"footnotes":""},"class_list":["post-1845","page","type-page","status-publish","hentry"],"acf":[],"_links":{"self":[{"href":"https:\/\/icausa.us\/fr\/wp-json\/wp\/v2\/pages\/1845","targetHints":{"allow":["GET"]}}],"collection":[{"href":"https:\/\/icausa.us\/fr\/wp-json\/wp\/v2\/pages"}],"about":[{"href":"https:\/\/icausa.us\/fr\/wp-json\/wp\/v2\/types\/page"}],"author":[{"embeddable":true,"href":"https:\/\/icausa.us\/fr\/wp-json\/wp\/v2\/users\/2"}],"replies":[{"embeddable":true,"href":"https:\/\/icausa.us\/fr\/wp-json\/wp\/v2\/comments?post=1845"}],"version-history":[{"count":10,"href":"https:\/\/icausa.us\/fr\/wp-json\/wp\/v2\/pages\/1845\/revisions"}],"predecessor-version":[{"id":3252,"href":"https:\/\/icausa.us\/fr\/wp-json\/wp\/v2\/pages\/1845\/revisions\/3252"}],"wp:attachment":[{"href":"https:\/\/icausa.us\/fr\/wp-json\/wp\/v2\/media?parent=1845"}],"curies":[{"name":"wp","href":"https:\/\/api.w.org\/{rel}","templated":true}]}}