{"id":1869,"date":"2020-07-21T13:03:37","date_gmt":"2020-07-21T11:03:37","guid":{"rendered":"http:\/\/icaspa.akb36hfygl-ewl6nk0jw652.p.runcloud.link\/assistenza-clienti\/"},"modified":"2022-02-03T16:07:57","modified_gmt":"2022-02-03T14:07:57","slug":"assistenza-clienti","status":"publish","type":"page","link":"https:\/\/icausa.us\/fr\/assistenza-clienti\/","title":{"rendered":"ATENCI\u00d3N AL CLIENTE"},"content":{"rendered":"\t<div class=\"holder-block\">\n\t\t<div class=\"container\">\n\t\t\t\t\t\t\t<aside class=\"sidebar-main\">\n\t\t\t\t\t\t\t\t\t\t\t<h2 class=\"content-desktop\">Assistance clients<\/h2>\n\t\t\t\t\t\t\t\t\t\t \n\t\t\t\t\t\t<div class=\"text-decor\">\n\t\t\t\t\t\t\t<p>Horaires et contacts <br>Dal luned\u00ec al venerd\u00ec dalle 8.00 alle 17.30 escluse festivit\u00e0<\/p>\n\t\t\t\t\t\t<\/div>\n\t\t\t\t\t\t\t\t\t\t\t\t\t\t\t\t<ul class=\"contact-list\">\n\t\t\t\t\t\t\t\t\t\t\t\t\t\t\t<li><strong>Tel.<\/strong><a href=\"tel:390516017922\">+ 39 051 6017 922<\/a><\/li>\n\t\t\t\t\t\t\t\t\t\t\t\t\t\t\t\t\t\t\t\t\t\t<li><strong>Fax<\/strong><a href=\"tel:390516017841\">+ 39 051 6017 841<\/a><\/li>\n\t\t\t\t\t\t\t\t\t\t\t\t\t\t\t\t\t\t\t\t\t\t<li><strong>Mail<\/strong><a href=\"mailto:&#97;&#102;t&#64;i&#99;&#97;spa&#46;it\">a&#102;&#116;&#64;i&#99;&#97;sp&#97;.i&#116;<\/a><\/li>\n\t\t\t\t\t\t\t\t\t\t\t\t\t<\/ul>\n\t\t\t\t\t\t\t\t\t<\/aside>\n\t\t\t\t\t\t\t\t\t\t<div class=\"content-main bg-gray\">\n\t\t\t\t\t\t\t\t\t\t\t<div class=\"text-holder\">\n\t\t\t\t\t\t\t<p>Remplissez le formulaire ci-dessous et indiquez \u00e0 nos professionnels la raison de votre demande. L&rsquo;\u00e9quipe d\u00e9di\u00e9e du service clients prendra en charge votre demande et vous aidera \u00e0 r\u00e9soudre le probl\u00e8me.<\/p>\n<p><strong>T\u00e9l\u00e9-Assistance en ligne:<\/strong><br \/>\nUn service de support technique \u00e0 distance prendra en charge votre demande, ce type de support pr\u00e9sumant que les machines soient connect\u00e9es \u00e0 internet ou VPN<\/p>\n<p><strong>Assistance en pr\u00e9sentiel:<\/strong><br \/>\nNos techniciens interviennent dans votre usine<\/p>\n\t\t\t\t\t\t<\/div>\n\t\t\t\t\t\t\t\t\t\t\n<div class=\"wpcf7 no-js\" id=\"wpcf7-f2105-o1\" lang=\"fr-FR\" dir=\"ltr\" data-wpcf7-id=\"2105\">\n<div class=\"screen-reader-response\"><p role=\"status\" aria-live=\"polite\" aria-atomic=\"true\"><\/p> <ul><\/ul><\/div>\n<form action=\"\/fr\/wp-json\/wp\/v2\/pages\/1869#wpcf7-f2105-o1\" method=\"post\" class=\"wpcf7-form init\" aria-label=\"Formulaire de contact\" novalidate=\"novalidate\" data-status=\"init\">\n<fieldset class=\"hidden-fields-container\"><input type=\"hidden\" name=\"_wpcf7\" value=\"2105\" \/><input type=\"hidden\" name=\"_wpcf7_version\" value=\"6.1.1\" \/><input type=\"hidden\" name=\"_wpcf7_locale\" value=\"fr_FR\" \/><input type=\"hidden\" name=\"_wpcf7_unit_tag\" value=\"wpcf7-f2105-o1\" \/><input type=\"hidden\" name=\"_wpcf7_container_post\" value=\"0\" \/><input type=\"hidden\" name=\"_wpcf7_posted_data_hash\" value=\"\" \/><input type=\"hidden\" name=\"_wpcf7_recaptcha_response\" value=\"\" \/>\n<\/fieldset>\n<div class=\"form-group\">\n\t<span class=\"wpcf7-form-control-wrap\" data-name=\"firstname\"><input size=\"40\" maxlength=\"400\" class=\"wpcf7-form-control wpcf7-text wpcf7-validates-as-required\" aria-required=\"true\" aria-invalid=\"false\" placeholder=\"Nome\" value=\"\" type=\"text\" name=\"firstname\" \/><\/span>\n\t<span class=\"wpcf7-form-control-wrap\" data-name=\"lastname\"><input size=\"40\" maxlength=\"400\" class=\"wpcf7-form-control wpcf7-text wpcf7-validates-as-required\" aria-required=\"true\" aria-invalid=\"false\" placeholder=\"Cognome\" value=\"\" type=\"text\" name=\"lastname\" \/><\/span>\n<\/div>\n<span class=\"wpcf7-form-control-wrap\" data-name=\"city\"><input size=\"40\" maxlength=\"400\" class=\"wpcf7-form-control wpcf7-text wpcf7-validates-as-required\" aria-required=\"true\" aria-invalid=\"false\" placeholder=\"Citt\u00e0\" value=\"\" type=\"text\" name=\"city\" \/><\/span>\n<span class=\"wpcf7-form-control-wrap\" data-name=\"company\"><input size=\"40\" maxlength=\"400\" class=\"wpcf7-form-control wpcf7-text\" aria-invalid=\"false\" placeholder=\"Nome Azienda\" value=\"\" type=\"text\" name=\"company\" \/><\/span>\n<div class=\"form-group\">\n\t<span class=\"wpcf7-form-control-wrap\" data-name=\"phone\"><input size=\"40\" maxlength=\"400\" class=\"wpcf7-form-control wpcf7-tel wpcf7-validates-as-required wpcf7-text wpcf7-validates-as-tel\" aria-required=\"true\" aria-invalid=\"false\" placeholder=\"Telefono\" value=\"\" type=\"tel\" name=\"phone\" \/><\/span>\n\t<span class=\"wpcf7-form-control-wrap\" data-name=\"your-email\"><input size=\"40\" maxlength=\"400\" class=\"wpcf7-form-control wpcf7-email wpcf7-validates-as-required wpcf7-text wpcf7-validates-as-email\" aria-required=\"true\" aria-invalid=\"false\" placeholder=\"Mail\" value=\"\" type=\"email\" name=\"your-email\" \/><\/span>\n<\/div>\n<span class=\"wpcf7-form-control-wrap\" data-name=\"serial-number\"><input size=\"40\" maxlength=\"400\" class=\"wpcf7-form-control wpcf7-text wpcf7-validates-as-required\" aria-required=\"true\" aria-invalid=\"false\" placeholder=\"Codice Linea \/ Matricola Macchina\" value=\"\" type=\"text\" name=\"serial-number\" \/><\/span>\n<div class=\"select-holder\">\n\t<span class=\"wpcf7-form-control-wrap\" data-name=\"type\"><select class=\"wpcf7-form-control wpcf7-select wpcf7-validates-as-required\" aria-required=\"true\" aria-invalid=\"false\" name=\"type\"><option value=\"\">Tipo di richiesta<\/option><option value=\"Assistenza\">Assistenza<\/option><option value=\"Documentazione tecnica\">Documentazione tecnica<\/option><option value=\"Parti di ricambio\">Parti di ricambio<\/option><option value=\"Richiesta collaudo\">Richiesta collaudo<\/option><option value=\"Manutenzione\">Manutenzione<\/option><option value=\"Altro\">Altro<\/option><\/select><\/span>\n<\/div>\n<span class=\"wpcf7-form-control-wrap\" data-name=\"message\"><textarea cols=\"40\" rows=\"10\" maxlength=\"2000\" class=\"wpcf7-form-control wpcf7-textarea\" aria-invalid=\"false\" placeholder=\"Messaggio\" name=\"message\"><\/textarea><\/span>\n<div class=\"check-holder\">\n\t<input data-required=\"true\" class=\"accept\" type=\"checkbox\" checked=\"checked\" id=\"checkbox-1\">\n\t<label for=\"checkbox-1\">Privacy Policy. Ai sensi del D. Lgs 196\/03<\/label>\n<\/div>\n<button type=\"submit\">Invia richiesta<\/button><div class=\"wpcf7-response-output\" aria-hidden=\"true\"><\/div>\n<\/form>\n<\/div>\n\t\t\t\t<\/div>\n\t\t\t\t\t<\/div>\n\t<\/div>\n\n\n\t<div class=\"content-section\" style=\"background-image: url(https:\/\/icausa.us\/wp-content\/uploads\/2020\/07\/img-bg02.jpg);\">\n\t\t<div class=\"container\">\n\t\t\t\t\t\t\t<h1>DEPUIS 50 ANS, NOUS SOMMES SYNONYMES DE QUALIT\u00c9<\/h1>\n\t\t\t\t\t\t\t\t\t\t<a href=\"https:\/\/icausa.us\/fr\/contatti\/\"  class=\"btn\">EN SAVOIR PLUS<\/a>\n\t\t\t\t\t<\/div>\n\t<\/div>\n","protected":false},"excerpt":{"rendered":"","protected":false},"author":2,"featured_media":0,"parent":0,"menu_order":0,"comment_status":"closed","ping_status":"closed","template":"","meta":{"_acf_changed":false,"footnotes":""},"class_list":["post-1869","page","type-page","status-publish","hentry"],"acf":[],"_links":{"self":[{"href":"https:\/\/icausa.us\/fr\/wp-json\/wp\/v2\/pages\/1869","targetHints":{"allow":["GET"]}}],"collection":[{"href":"https:\/\/icausa.us\/fr\/wp-json\/wp\/v2\/pages"}],"about":[{"href":"https:\/\/icausa.us\/fr\/wp-json\/wp\/v2\/types\/page"}],"author":[{"embeddable":true,"href":"https:\/\/icausa.us\/fr\/wp-json\/wp\/v2\/users\/2"}],"replies":[{"embeddable":true,"href":"https:\/\/icausa.us\/fr\/wp-json\/wp\/v2\/comments?post=1869"}],"version-history":[{"count":7,"href":"https:\/\/icausa.us\/fr\/wp-json\/wp\/v2\/pages\/1869\/revisions"}],"predecessor-version":[{"id":3071,"href":"https:\/\/icausa.us\/fr\/wp-json\/wp\/v2\/pages\/1869\/revisions\/3071"}],"wp:attachment":[{"href":"https:\/\/icausa.us\/fr\/wp-json\/wp\/v2\/media?parent=1869"}],"curies":[{"name":"wp","href":"https:\/\/api.w.org\/{rel}","templated":true}]}}