{"id":1889,"date":"2020-07-13T12:21:07","date_gmt":"2020-07-13T12:21:07","guid":{"rendered":"http:\/\/icaspa.akb36hfygl-ewl6nk0jw652.p.runcloud.link\/innovazione\/"},"modified":"2022-06-16T12:56:11","modified_gmt":"2022-06-16T10:56:11","slug":"innovazione","status":"publish","type":"page","link":"https:\/\/icausa.us\/fr\/innovazione\/","title":{"rendered":"Innovation"},"content":{"rendered":"\t<div class=\"info-section\">\n\t\t<div class=\"container\">\n\t\t\t<div class=\"info-columns\">\n\t\t\t\t\t\t\t\t\t<div class=\"column\">\n\t\t\t\t\t\t\t\t\t\t\t\t\t<div class=\"image-holder\">\n\t\t\t\t\t\t\t\t<picture>\n\t\t\t\t\t\t\t\t\t<source srcset=\"https:\/\/icausa.us\/wp-content\/uploads\/2020\/07\/logo07.png\" media=\"(max-width: 480px)\">\n\t\t\t\t\t\t\t\t\t<source srcset=\"https:\/\/icausa.us\/wp-content\/uploads\/2020\/07\/logo07.png\">\n\t\t\t\t\t\t\t\t\t<img decoding=\"async\" src=\"https:\/\/icausa.us\/wp-content\/uploads\/2020\/07\/logo07.png\" alt=\"image description\">\n\t\t\t\t\t\t\t\t<\/picture>\n\t\t\t\t\t\t\t<\/div>\n\t\t\t\t\t\t\t\t\t\t\t\t\t\t\t\t\t\t\t<h2>Brevets<\/h2>\n\t\t\t\t\t\t\t\t\t\t\t\t\t\t\t\t\t\t\t<span class=\"subtitle\">Plus de 200 d\u00e9pos\u00e9s<\/span>\n\t\t\t\t\t\t\t\t\t\t\t\t\t\t\t\t\t\t\t<span class=\"time\">Innovation depuis 1963<\/span>\n\t\t\t\t\t\t\t\t\t\t\t\t<p>Innovation et technologie, nos engagements prot\u00e9g\u00e9es par plus de 200 brevets.<br \/>\nPropositions innovantes au plan fonctionnel et technologique d\u00e9velopp\u00e9es \u00e0 travers notre continuelle activit\u00e9 de recherche et d\u00e9veloppement, men\u00e9e par notre \u00e9quipe de techniciens sp\u00e9cialis\u00e9s, qui d\u00e9veloppe des id\u00e9es et les applique \u00e0 nos mat\u00e9riels.<\/p>\n\t\t\t\t\t\t\t\t\t\t\t<\/div>\n\t\t\t\t\t\t\t\t\t<div class=\"column\">\n\t\t\t\t\t\t\t\t\t\t\t\t\t<div class=\"image-holder\">\n\t\t\t\t\t\t\t\t<picture>\n\t\t\t\t\t\t\t\t\t<source srcset=\"https:\/\/icausa.us\/wp-content\/uploads\/2020\/07\/logo08.png\" media=\"(max-width: 480px)\">\n\t\t\t\t\t\t\t\t\t<source srcset=\"https:\/\/icausa.us\/wp-content\/uploads\/2020\/07\/logo08.png\">\n\t\t\t\t\t\t\t\t\t<img decoding=\"async\" src=\"https:\/\/icausa.us\/wp-content\/uploads\/2020\/07\/logo08.png\" alt=\"image description\">\n\t\t\t\t\t\t\t\t<\/picture>\n\t\t\t\t\t\t\t<\/div>\n\t\t\t\t\t\t\t\t\t\t\t\t\t\t\t\t\t\t\t<h2>Prix wipo<\/h2>\n\t\t\t\t\t\t\t\t\t\t\t\t\t\t\t\t\t\t\t<span class=\"subtitle\">Wipo Award Roma<\/span>\n\t\t\t\t\t\t\t\t\t\t\t\t\t\t\t\t\t\t\t<span class=\"time\">4 octobre 2010<\/span>\n\t\t\t\t\t\t\t\t\t\t\t\t<p>Remis \u00e0 Monsieur Gino Rapparini, pr\u00e9sident de ICA SPA, en reconnaissance de \u201cson activit\u00e9 d\u2019esprit d\u2019entreprise dans le secteur du packaging industriel\u201d Wipo, (World Intellectual Property Organisation) l\u2019organisation mondiale pour la propri\u00e9t\u00e9 intellectuelle dont le si\u00e8ge est \u00e0 Gen\u00e8ve, est depuis 1974 une agence sp\u00e9cialis\u00e9e de l\u2019Onu \u00e0 laquelle adh\u00e8rent 184 nations avec l\u2019objectif d\u2019\u00abencourager l\u2019activit\u00e9 cr\u00e9ative dans le monde\u00bb, ainsi que la protection de la propri\u00e9t\u00e9 intellectuelle. Le prestigieux prix international Wipo Inventor Award a \u00e9t\u00e9 d\u00e9cern\u00e9 \u00e0 Gino Rapparini, pr\u00e9sident de Ica spa \u00abpour son activit\u00e9 d\u2019entrepreneur et innovateur dans le secteur du packaging industriel\u00bb. La c\u00e9r\u00e9monie de remise de ce prix a eu lieu le 4 octobre 2010 \u00e0 Roma, durant le huiti\u00e8me Forum organis\u00e9 par la Wipo en collaboration avec le Bureau italien des marques et brevets.<\/p>\n\t\t\t\t\t\t\t\t\t\t\t<\/div>\n\t\t\t\t\t\t\t\t\t<div class=\"column\">\n\t\t\t\t\t\t\t\t\t\t\t\t\t<div class=\"image-holder\">\n\t\t\t\t\t\t\t\t<picture>\n\t\t\t\t\t\t\t\t\t<source srcset=\"https:\/\/icausa.us\/wp-content\/uploads\/2020\/07\/logo09.png\" media=\"(max-width: 480px)\">\n\t\t\t\t\t\t\t\t\t<source srcset=\"https:\/\/icausa.us\/wp-content\/uploads\/2020\/07\/logo09.png\">\n\t\t\t\t\t\t\t\t\t<img decoding=\"async\" src=\"https:\/\/icausa.us\/wp-content\/uploads\/2020\/07\/logo09.png\" alt=\"image description\">\n\t\t\t\t\t\t\t\t<\/picture>\n\t\t\t\t\t\t\t<\/div>\n\t\t\t\t\t\t\t\t\t\t\t\t\t\t\t\t\t\t\t<h2>Smau <\/h2>\n\t\t\t\t\t\t\t\t\t\t\t\t\t\t\t\t\t\t\t<span class=\"subtitle\">Prix \u200b\u200bde l&rsquo;innovation TIC<\/span>\n\t\t\t\t\t\t\t\t\t\t\t\t\t\t\t\t\t\t\t<span class=\"time\">6 juin 2012<\/span>\n\t\t\t\t\t\t\t\t\t\t\t\t<p>ICA S.p.A. vainqueur du Prix de l\u2019Innovation ICT Emilie Romagne dans la cat\u00e9gorie \u201cSyst\u00e8mes de Gestion, Business Intelligence et CRM \u201c Cette reconnaissance a \u00e9t\u00e9 attribu\u00e9e pour l\u2019innovation que la soci\u00e9t\u00e9 ICA S.p.A. a su apporter \u00e0 son propre business, en choisissant Innovatech Italia en tant que partenaire technologique et en adoptant Microsoft Dynamics CRM pour g\u00e9rer toutes les relations avec ses clients.<\/p>\n\t\t\t\t\t\t\t\t\t\t\t\t\t<a href=\"#license-section\"  class=\"btn anchor-link content-desktop\">EXPLORER LES CERTIFICATS<\/a>\n\t\t\t\t\t\t\t\t\t\t\t<\/div>\n\t\t\t\t\t\t\t<\/div>\n\t\t<\/div>\n\t<\/div>\n\n\n\t<div class=\"license-section\" id=\"license-section\">\n\t\t<div class=\"container\">\n\t\t\t<div class=\"license-holder\">\n\t\t\t\t\t\t\t\t\t<div class=\"license-text\">\n\t\t\t\t\t\t\t\t\t\t\t\t\t<h2>L\u2019excellence italienne certifi\u00e9e<\/h2>\n\t\t\t\t\t\t\t\t\t\t\t\t<p>Les certifications et l\u2019optimisation des processus et produits, d\u00e9livr\u00e9es par Kiwa Italia Spa, Organisme Tiers Accr\u00e9dit\u00e9 pour le contr\u00f4le des processus, d\u00e9montent tout notre engagement et notre s\u00e9rieux envers les personnes avec lesquelles nous travaillons : d\u2019un c\u00f4t\u00e9, la Satisfaction du Client, de l\u2019autre, l\u2019attention \u00e0 la S\u00e9curit\u00e9 et la Sant\u00e9 dans le travail pour nos collaborateurs.<\/p>\n\t\t\t\t\t\t\t\t\t\t\t\t\t<div class=\"gallery-buttons\"><\/div>\n\t\t\t\t\t\t\t\t\t\t\t<\/div>\n\t\t\t\t\t\t\t\t\t\t\t\t\t<div class=\"license-gallery\">\n\t\t\t\t\t\t\t\t\t\t\t\t\t<a class=\"slick-slide\" data-fancybox=\"true\" href=\"https:\/\/icausa.us\/wp-content\/uploads\/2022\/06\/ISO-45001_ICA_SCAD.-09-03-2023_IT.jpg\" tabindex=\"0\">\n\t\t\t\t\t\t\t\t<img decoding=\"async\" src=\"https:\/\/icausa.us\/wp-content\/uploads\/2022\/06\/ISO-45001_ICA_SCAD.-09-03-2023_IT-344x483.jpg\" alt=\"image description\">\n\t\t\t\t\t\t\t<\/a>\n\t\t\t\t\t\t\t\t\t\t\t\t\t<a class=\"slick-slide\" data-fancybox=\"true\" href=\"https:\/\/icausa.us\/wp-content\/uploads\/2022\/06\/ISO-45001_ICA_SCAD.-09-03-2023_EN.jpg\" tabindex=\"0\">\n\t\t\t\t\t\t\t\t<img decoding=\"async\" src=\"https:\/\/icausa.us\/wp-content\/uploads\/2022\/06\/ISO-45001_ICA_SCAD.-09-03-2023_EN-344x483.jpg\" alt=\"image description\">\n\t\t\t\t\t\t\t<\/a>\n\t\t\t\t\t\t\t\t\t\t\t\t\t<a class=\"slick-slide\" data-fancybox=\"true\" href=\"https:\/\/icausa.us\/wp-content\/uploads\/2022\/06\/ISO-9001_ICA_SCAD.-30-07-2024_IT.jpg\" tabindex=\"0\">\n\t\t\t\t\t\t\t\t<img decoding=\"async\" src=\"https:\/\/icausa.us\/wp-content\/uploads\/2022\/06\/ISO-9001_ICA_SCAD.-30-07-2024_IT-344x483.jpg\" alt=\"image description\">\n\t\t\t\t\t\t\t<\/a>\n\t\t\t\t\t\t\t\t\t\t\t\t\t<a class=\"slick-slide\" data-fancybox=\"true\" href=\"https:\/\/icausa.us\/wp-content\/uploads\/2022\/06\/ISO-9001_ICA_SCAD.-30-07-2024_EN.jpg\" tabindex=\"0\">\n\t\t\t\t\t\t\t\t<img decoding=\"async\" src=\"https:\/\/icausa.us\/wp-content\/uploads\/2022\/06\/ISO-9001_ICA_SCAD.-30-07-2024_EN-344x483.jpg\" alt=\"image description\">\n\t\t\t\t\t\t\t<\/a>\n\t\t\t\t\t\t\t\t\t\t\t<\/div>\n\t\t\t\t\t\t\t<\/div>\n\t\t<\/div>\n\t<\/div>\n\n\n\t<div class=\"content-section\" style=\"background-image: url(https:\/\/icausa.us\/wp-content\/uploads\/2020\/07\/img-bg03.jpg);\">\n\t\t<div class=\"container\">\n\t\t\t\t\t\t\t<h1>Nous participons \u00e0 de nombreux \u00e9v\u00e9nements dans le monde entier<\/h1>\n\t\t\t\t\t\t\t\t\t\t<a href=\"https:\/\/icausa.us\/fr\/fiere\/\"  class=\"btn\">Allez au calendrier des salons<\/a>\n\t\t\t\t\t<\/div>\n\t<\/div>\n","protected":false},"excerpt":{"rendered":"","protected":false},"author":2,"featured_media":0,"parent":0,"menu_order":0,"comment_status":"closed","ping_status":"closed","template":"","meta":{"_acf_changed":false,"footnotes":""},"class_list":["post-1889","page","type-page","status-publish","hentry"],"acf":[],"_links":{"self":[{"href":"https:\/\/icausa.us\/fr\/wp-json\/wp\/v2\/pages\/1889","targetHints":{"allow":["GET"]}}],"collection":[{"href":"https:\/\/icausa.us\/fr\/wp-json\/wp\/v2\/pages"}],"about":[{"href":"https:\/\/icausa.us\/fr\/wp-json\/wp\/v2\/types\/page"}],"author":[{"embeddable":true,"href":"https:\/\/icausa.us\/fr\/wp-json\/wp\/v2\/users\/2"}],"replies":[{"embeddable":true,"href":"https:\/\/icausa.us\/fr\/wp-json\/wp\/v2\/comments?post=1889"}],"version-history":[{"count":14,"href":"https:\/\/icausa.us\/fr\/wp-json\/wp\/v2\/pages\/1889\/revisions"}],"predecessor-version":[{"id":3284,"href":"https:\/\/icausa.us\/fr\/wp-json\/wp\/v2\/pages\/1889\/revisions\/3284"}],"wp:attachment":[{"href":"https:\/\/icausa.us\/fr\/wp-json\/wp\/v2\/media?parent=1889"}],"curies":[{"name":"wp","href":"https:\/\/api.w.org\/{rel}","templated":true}]}}