{"id":770,"date":"2020-07-16T15:37:11","date_gmt":"2020-07-16T15:37:11","guid":{"rendered":"http:\/\/SITEURL\/home\/"},"modified":"2022-02-01T18:32:32","modified_gmt":"2022-02-01T16:32:32","slug":"home","status":"publish","type":"page","link":"https:\/\/icausa.us\/fr\/","title":{"rendered":"Home"},"content":{"rendered":"\t<div class=\"gallery-section\">\n\t\t<div class=\"gallery-main gallery-overlay\">\n\t\t\t\t\t\t\t<div class=\"slick-slide\">\n\t\t\t\t\t<div class=\"container\">\n\t\t\t\t\t\t\t\t\t\t\t\t\t<div class=\"gallery-image\">\n\t\t\t\t\t\t\t\t<div class=\"gallery-image-inner\" style=\"background-image: url(https:\/\/icausa.us\/wp-content\/uploads\/2020\/07\/Prima-foto-carosello-iniziale-scaled.jpeg);\"><\/div>\n\t\t\t\t\t\t\t<\/div>\n\t\t\t\t\t\t\t\t\t\t\t\t\t\t\t\t\t\t\t<div class=\"gallery-text\">\n\t\t\t\t\t\t\t\t\t\t\t\t\t\t\t\t\t<h1>NOUS NOUS EXPRIMONS A TRAVERS L\u2019INNOVATION DE NOS MACHINES<\/h1>\n\t\t\t\t\t\t\t\t\t\t\t\t\t\t\t\t\t\t\t\t\t\t\t\t\t<div class=\"text-holder\">\n\t\t\t\t\t\t\t\t\t\t<p>Nous concevons et r\u00e9alisons des solutions innovantes pour le conditionnement et la valorisation des produits.<\/p>\n\t\t\t\t\t\t\t\t\t<\/div>\n\t\t\t\t\t\t\t\t\t\t\t\t\t\t\t\t\t\t\t\t\t\t\t\t\t<a href=\"https:\/\/www.icausa.us\/fr\/macchine\/\"  class=\"btn\">En savoir plus<\/a>\n\t\t\t\t\t\t\t\t\t\t\t\t\t\t\t<\/div>\n\t\t\t\t\t\t\t\t\t\t\t<\/div>\n\t\t\t\t<\/div>\n\t\t\t\t\t\t\t<div class=\"slick-slide\">\n\t\t\t\t\t<div class=\"container\">\n\t\t\t\t\t\t\t\t\t\t\t\t\t<div class=\"gallery-image\">\n\t\t\t\t\t\t\t\t<div class=\"gallery-image-inner\" style=\"background-image: url(https:\/\/icausa.us\/wp-content\/uploads\/2020\/07\/Seconda-foto-carosello-iniziale-scaled.jpeg);\"><\/div>\n\t\t\t\t\t\t\t<\/div>\n\t\t\t\t\t\t\t\t\t\t\t\t\t\t\t\t\t\t\t<div class=\"gallery-text\">\n\t\t\t\t\t\t\t\t\t\t\t\t\t\t\t\t\t<h1>NOUS CONCEVONS LES NOUVEAUX EMBALLAGES AVEC NOS CLIENTS<\/h1>\n\t\t\t\t\t\t\t\t\t\t\t\t\t\t\t\t\t\t\t\t\t\t\t\t\t<div class=\"text-holder\">\n\t\t\t\t\t\t\t\t\t\t<p>Nous mettons toute notre exp\u00e9rience au service des clients pour r\u00e9aliser des installations capables de satisfaire chaque exigence.<\/p>\n\t\t\t\t\t\t\t\t\t<\/div>\n\t\t\t\t\t\t\t\t\t\t\t\t\t\t\t\t\t\t\t\t\t\t\t\t\t<a href=\"https:\/\/www.icausa.us\/fr\/le-nostre-confezioni\/\"  class=\"btn\">En savoir plus <\/a>\n\t\t\t\t\t\t\t\t\t\t\t\t\t\t\t<\/div>\n\t\t\t\t\t\t\t\t\t\t\t<\/div>\n\t\t\t\t<\/div>\n\t\t\t\t\t\t\t<div class=\"slick-slide\">\n\t\t\t\t\t<div class=\"container\">\n\t\t\t\t\t\t\t\t\t\t\t\t\t<div class=\"gallery-image\">\n\t\t\t\t\t\t\t\t<div class=\"gallery-image-inner\" style=\"background-image: url(https:\/\/icausa.us\/wp-content\/uploads\/2020\/07\/Terza-foto-carousel.png);\"><\/div>\n\t\t\t\t\t\t\t<\/div>\n\t\t\t\t\t\t\t\t\t\t\t\t\t\t\t\t\t\t\t<div class=\"gallery-text\">\n\t\t\t\t\t\t\t\t\t\t\t\t\t\t\t\t\t<h1> TOUT CE QUE NOUS FAISONS NAIT DU COEUR. C\u2019EST AINSI DEPUIS 1963<\/h1>\n\t\t\t\t\t\t\t\t\t\t\t\t\t\t\t\t\t\t\t\t\t\t\t\t\t<div class=\"text-holder\">\n\t\t\t\t\t\t\t\t\t\t<p>Nous sommes fiers de faire partie d\u2019une soci\u00e9t\u00e9 qui cr\u00e9e ses propres machines.<\/p>\n\t\t\t\t\t\t\t\t\t<\/div>\n\t\t\t\t\t\t\t\t\t\t\t\t\t\t\t\t\t\t\t\t\t\t\t\t\t<a href=\"https:\/\/www.icausa.us\/fr\/azienda\/\"  class=\"btn\">En savoir plus <\/a>\n\t\t\t\t\t\t\t\t\t\t\t\t\t\t\t<\/div>\n\t\t\t\t\t\t\t\t\t\t\t<\/div>\n\t\t\t\t<\/div>\n\t\t\t\t\t<\/div>\n\t<\/div>\n\n\n\t<div class=\"desc-holder\">\n\t\t\t\t\t<div class=\"desc-section\">\n\t\t\t\t<div class=\"container\">\n\t\t\t\t\t\t\t\t\t\t\t<div class=\"desc-image\">\n\t\t\t\t\t\t\t<div class=\"desc-image-inner\" style=\"background-image: url(https:\/\/icausa.us\/wp-content\/uploads\/2020\/07\/fascia-macchine-homepage-scaled.jpg);\"><\/div>\n\t\t\t\t\t\t<\/div>\n\t\t\t\t\t\t\t\t\t\t\t\t\t\t\t\t<div class=\"desc-text\">\n\t\t\t\t\t\t\t<div class=\"desc-text-inner\">\n\t\t\t\t\t\t\t\t\t\t\t\t\t\t\t\t\t<h1>MACHINES<\/h1>\n\t\t\t\t\t\t\t\t\t\t\t\t\t\t\t\t\t\t\t\t\t\t\t\t\t<p>Nos machines automatiques de conditionnement sont solides et efficaces, faciles \u00e0 utiliser et entretenir, conformes aux plus hauts standards de s\u00e9curit\u00e9, pour offrir des solutions toujours plus performantes et \u00e9volu\u00e9es.<\/p>\n\t\t\t\t\t\t\t\t\t\t\t\t\t\t\t\t\t\t\t\t\t\t\t\t\t<a href=\"https:\/\/www.icausa.us\/fr\/macchine\/\"  class=\"btn\">Aller \u00e0 la section<\/a>\n\t\t\t\t\t\t\t\t\t\t\t\t\t\t\t<\/div>\n\t\t\t\t\t\t<\/div>\n\t\t\t\t\t\t\t\t\t<\/div>\n\t\t\t<\/div>\n\t\t\t\t\t<div class=\"desc-section\">\n\t\t\t\t<div class=\"container\">\n\t\t\t\t\t\t\t\t\t\t\t<div class=\"desc-image\">\n\t\t\t\t\t\t\t<div class=\"desc-image-inner\" style=\"background-image: url(https:\/\/icausa.us\/wp-content\/uploads\/2020\/07\/homepage-confezioni-scaled.jpg);\"><\/div>\n\t\t\t\t\t\t<\/div>\n\t\t\t\t\t\t\t\t\t\t\t\t\t\t\t\t<div class=\"desc-text\">\n\t\t\t\t\t\t\t<div class=\"desc-text-inner\">\n\t\t\t\t\t\t\t\t\t\t\t\t\t\t\t\t\t<h1>CONFECTIONS<\/h1>\n\t\t\t\t\t\t\t\t\t\t\t\t\t\t\t\t\t\t\t\t\t\t\t\t\t<p>Chaque confection est r\u00e9alis\u00e9e pour garantir la s\u00e9curit\u00e9 maximale du produit et pour satisfaire aux plus haute exigences esth\u00e9tiques, car nos machines sont con\u00e7ues autours des besoins de nos clients.<\/p>\n\t\t\t\t\t\t\t\t\t\t\t\t\t\t\t\t\t\t\t\t\t\t\t\t\t<a href=\"https:\/\/www.icausa.us\/fr\/le-nostre-confezioni\/\"  class=\"btn\">Aller \u00e0 la section<\/a>\n\t\t\t\t\t\t\t\t\t\t\t\t\t\t\t<\/div>\n\t\t\t\t\t\t<\/div>\n\t\t\t\t\t\t\t\t\t<\/div>\n\t\t\t<\/div>\n\t\t\t\t\t<div class=\"desc-section\">\n\t\t\t\t<div class=\"container\">\n\t\t\t\t\t\t\t\t\t\t\t<div class=\"desc-image\">\n\t\t\t\t\t\t\t<div class=\"desc-image-inner\" style=\"background-image: url(https:\/\/icausa.us\/wp-content\/uploads\/2021\/10\/HOST2021.jpg);\"><\/div>\n\t\t\t\t\t\t<\/div>\n\t\t\t\t\t\t\t\t\t\t\t\t\t\t\t\t<div class=\"desc-text\">\n\t\t\t\t\t\t\t<div class=\"desc-text-inner\">\n\t\t\t\t\t\t\t\t\t\t\t\t\t\t\t\t\t<h1>SALONS<\/h1>\n\t\t\t\t\t\t\t\t\t\t\t\t\t\t\t\t\t\t\t\t\t\t\t\t\t<p>Les salons sont de pr\u00e9cieuses occasions pour pr\u00e9senter nos solutions, se confronter avec le march\u00e9, connaitre des nouvelles personnes et pour revoir nos pr\u00e9cieux clients.<\/p>\n\t\t\t\t\t\t\t\t\t\t\t\t\t\t\t\t\t\t\t\t\t\t\t\t\t<a href=\"https:\/\/www.icausa.us\/fr\/fiere\/\"  class=\"btn\">Aller \u00e0 la section<\/a>\n\t\t\t\t\t\t\t\t\t\t\t\t\t\t\t<\/div>\n\t\t\t\t\t\t<\/div>\n\t\t\t\t\t\t\t\t\t<\/div>\n\t\t\t<\/div>\n\t\t\t<\/div>\n\n\n\t<div class=\"gallery-section content-desktop\">\n\t\t<div class=\"gallery-main\">\n\t\t\t\t\t\t\t<div class=\"slick-slide\">\n\t\t\t\t\t<div class=\"container\">\n\t\t\t\t\t\t\t\t\t\t\t\t\t<div class=\"gallery-image\">\n\t\t\t\t\t\t\t\t<div class=\"gallery-image-inner\" style=\"background-image: url(https:\/\/icausa.us\/wp-content\/uploads\/2022\/07\/foto-1-scaled-1.jpeg);\"><\/div>\n\t\t\t\t\t\t\t<\/div>\n\t\t\t\t\t\t\t\t\t\t\t\t<div class=\"gallery-text\">\n\t\t\t\t\t\t\t\t\t\t\t\t\t\t\t<span class=\"subtitle\">News<\/span>\n\t\t\t\t\t\t\t\t\t\t\t\t\t\t<h1>Nouveaut\u00e9s du monde ICA<\/h1>\t\t\t\t\t\t\t<div class=\"text-holder\">\n\t\t\t\t\t\t\t\t<p>Nous sommes heureux d\u2019annoncer le renouvellement de la certification m\u00e9trologique des instruments de&#8230;<\/p>\n\t\t\t\t\t\t\t<\/div>\n\t\t\t\t\t\t\t<div class=\"btn-wrap\">\n\t\t\t\t\t\t\t\t<a href=\"https:\/\/icausa.us\/fr\/news-dal-mondo-ica\/\" class=\"btn\">LEGGI LA NEWS<\/a>\n\t\t\t\t\t\t\t\t\t\t\t\t\t\t\t\t\t<a href=\"https:\/\/www.icausa.us\/fr\/news\/\"  class=\"btn btn-secondary\">ALL NEWS<\/a>\n\t\t\t\t\t\t\t\t\t\t\t\t\t\t\t<\/div>\n\t\t\t\t\t\t<\/div>\n\t\t\t\t\t<\/div>\n\t\t\t\t<\/div>\n\t\t\t\t\t\t\t<div class=\"slick-slide\">\n\t\t\t\t\t<div class=\"container\">\n\t\t\t\t\t\t\t\t\t\t\t\t\t<div class=\"gallery-image\">\n\t\t\t\t\t\t\t\t<div class=\"gallery-image-inner\" style=\"background-image: url(https:\/\/icausa.us\/wp-content\/uploads\/2020\/07\/image2.jpg);\"><\/div>\n\t\t\t\t\t\t\t<\/div>\n\t\t\t\t\t\t\t\t\t\t\t\t<div class=\"gallery-text\">\n\t\t\t\t\t\t\t\t\t\t\t\t\t\t\t<span class=\"subtitle\">News<\/span>\n\t\t\t\t\t\t\t\t\t\t\t\t\t\t<h1>CONFEZIONAMENTO IN ATMOSFERA MODIFICATA<\/h1>\t\t\t\t\t\t\t<div class=\"text-holder\">\n\t\t\t\t\t\t\t\t<p>Il fortissimo trend degli ultimi anni verso l&rsquo;abbandono dei conservanti per molti prodotti&#8230;<\/p>\n\t\t\t\t\t\t\t<\/div>\n\t\t\t\t\t\t\t<div class=\"btn-wrap\">\n\t\t\t\t\t\t\t\t<a href=\"https:\/\/icausa.us\/fr\/confezionamento-in-atmosfera-modificata\/\" class=\"btn\">LEGGI LA NEWS<\/a>\n\t\t\t\t\t\t\t\t\t\t\t\t\t\t\t\t\t<a href=\"https:\/\/www.icausa.us\/fr\/news\/\"  class=\"btn btn-secondary\">ALL NEWS<\/a>\n\t\t\t\t\t\t\t\t\t\t\t\t\t\t\t<\/div>\n\t\t\t\t\t\t<\/div>\n\t\t\t\t\t<\/div>\n\t\t\t\t<\/div>\n\t\t\t\t\t\t\t<div class=\"slick-slide\">\n\t\t\t\t\t<div class=\"container\">\n\t\t\t\t\t\t\t\t\t\t\t\t\t<div class=\"gallery-image\">\n\t\t\t\t\t\t\t\t<div class=\"gallery-image-inner\" style=\"background-image: url(https:\/\/icausa.us\/wp-content\/uploads\/2020\/07\/image3.jpg);\"><\/div>\n\t\t\t\t\t\t\t<\/div>\n\t\t\t\t\t\t\t\t\t\t\t\t<div class=\"gallery-text\">\n\t\t\t\t\t\t\t\t\t\t\t\t\t\t\t<span class=\"subtitle\">News<\/span>\n\t\t\t\t\t\t\t\t\t\t\t\t\t\t<h1>SP6M \u2013 Premade pouches filler<\/h1>\t\t\t\t\t\t\t<div class=\"text-holder\">\n\t\t\t\t\t\t\t\t<p>L\u2019evoluzione della nostra SP6M, ora ricca di optional, per riempire sacchetti prefabbricati di&#8230;<\/p>\n\t\t\t\t\t\t\t<\/div>\n\t\t\t\t\t\t\t<div class=\"btn-wrap\">\n\t\t\t\t\t\t\t\t<a href=\"https:\/\/icausa.us\/fr\/sp6m-premade-pouches-filler\/\" class=\"btn\">LEGGI LA NEWS<\/a>\n\t\t\t\t\t\t\t\t\t\t\t\t\t\t\t\t\t<a href=\"https:\/\/www.icausa.us\/fr\/news\/\"  class=\"btn btn-secondary\">ALL NEWS<\/a>\n\t\t\t\t\t\t\t\t\t\t\t\t\t\t\t<\/div>\n\t\t\t\t\t\t<\/div>\n\t\t\t\t\t<\/div>\n\t\t\t\t<\/div>\n\t\t\t\t\t<\/div>\n\t<\/div>\n\t<div class=\"info-section info-secondary content-mobile\">\n\t\t<div class=\"container\">\n\t\t\t<div class=\"cards-holder\">\n\t\t\t\t\t\t\t\t\t<div class=\"card card-secondary\">\n\t\t\t\t\t\t\t\t\t\t\t\t\t<div class=\"card-image\" style=\"background-image: url(https:\/\/icausa.us\/wp-content\/uploads\/2022\/07\/foto-1-scaled-1.jpeg);\"><\/div>\n\t\t\t\t\t\t\t\t\t\t\t\t<div class=\"card-body\">\n\t\t\t\t\t\t\t<time datetime=\"2021-10-15\"><a href=\"https:\/\/icausa.us\/fr\/2021\/10\/\">15 octobre 2021<\/a><\/time>\n\t\t\t\t\t\t\t<h3>Nouveaut\u00e9s du monde ICA<\/h3>\t\t\t\t\t\t\t<p>Nous sommes heureux d\u2019annoncer le renouvellement de la certification m\u00e9trologique des instruments de&#8230;<\/p>\n\t\t\t\t\t\t<\/div>\n\t\t\t\t\t\t<div class=\"card-footer\">\n\t\t\t\t\t\t\t<ul class=\"links-list\">\n\t\t\t\t\t\t\t\t<li><a href=\"https:\/\/icausa.us\/fr\/news-dal-mondo-ica\/\">Read the news<\/a><\/li>\n\t\t\t\t\t\t\t\t\t\t\t\t\t\t\t\t\t<li><a href=\"https:\/\/www.icausa.us\/fr\/news\/\" >ALL NEWS<\/a><\/li>\n\t\t\t\t\t\t\t\t\t\t\t\t\t\t\t<\/ul>\n\t\t\t\t\t\t<\/div>\n\t\t\t\t\t<\/div>\n\t\t\t\t\t\t\t<\/div>\n\t\t<\/div>\n\t<\/div>\n\n\n\t<div class=\"content-section\" style=\"background-image: url(https:\/\/icausa.us\/wp-content\/uploads\/2020\/07\/img-bg01.jpg);\">\n\t\t<div class=\"container\">\n\t\t\t\t\t\t\t<h1>Chaque d\u00e9fi est une nouvelle opportunit\u00e9.<\/h1>\n\t\t\t\t\t\t\t\t\t\t<a href=\"https:\/\/www.icausa.us\/fr\/contatti\/\"  class=\"btn\">Nous contacter<\/a>\n\t\t\t\t\t<\/div>\n\t<\/div>\n","protected":false},"excerpt":{"rendered":"","protected":false},"author":2,"featured_media":0,"parent":0,"menu_order":0,"comment_status":"closed","ping_status":"closed","template":"pages\/template-home.php","meta":{"_acf_changed":false,"footnotes":""},"class_list":["post-770","page","type-page","status-publish","hentry"],"acf":[],"_links":{"self":[{"href":"https:\/\/icausa.us\/fr\/wp-json\/wp\/v2\/pages\/770","targetHints":{"allow":["GET"]}}],"collection":[{"href":"https:\/\/icausa.us\/fr\/wp-json\/wp\/v2\/pages"}],"about":[{"href":"https:\/\/icausa.us\/fr\/wp-json\/wp\/v2\/types\/page"}],"author":[{"embeddable":true,"href":"https:\/\/icausa.us\/fr\/wp-json\/wp\/v2\/users\/2"}],"replies":[{"embeddable":true,"href":"https:\/\/icausa.us\/fr\/wp-json\/wp\/v2\/comments?post=770"}],"version-history":[{"count":8,"href":"https:\/\/icausa.us\/fr\/wp-json\/wp\/v2\/pages\/770\/revisions"}],"predecessor-version":[{"id":3009,"href":"https:\/\/icausa.us\/fr\/wp-json\/wp\/v2\/pages\/770\/revisions\/3009"}],"wp:attachment":[{"href":"https:\/\/icausa.us\/fr\/wp-json\/wp\/v2\/media?parent=770"}],"curies":[{"name":"wp","href":"https:\/\/api.w.org\/{rel}","templated":true}]}}